{"id":300,"date":"2024-09-21T16:20:05","date_gmt":"2024-09-21T16:20:05","guid":{"rendered":"https:\/\/anvi-group.com\/?page_id=300"},"modified":"2024-09-21T16:28:57","modified_gmt":"2024-09-21T16:28:57","slug":"karta-pobytu","status":"publish","type":"page","link":"https:\/\/anvi-group.com\/?page_id=300&lang=pl","title":{"rendered":"Karta\u00a0pobytu"},"content":{"rendered":"\n<p><strong>Zezwolenie na pobyt \/ karta pobytu<\/strong>&nbsp;\u2013&nbsp;to dokument, kt\u00f3ry identyfikuje cudzoziemca, udziela mu zezwolenia na pobyt w Polsce i pozwala na legalny i zgodny z prawem pobyt w kraju przez okres d\u0142u\u017cszy ni\u017c 90 dni.<\/p>\n\n\n\n<p>Warunkowo jest to zezwolenie na pobyt, kt\u00f3re umo\u017cliwia przekraczanie granic Polski bez konieczno\u015bci uzyskiwania dodatkowych wiz, a tak\u017ce legalny pobyt w Polsce przez okres wskazany na karcie.<\/p>\n\n\n\n<p><strong>Wy\u015blij zg\u0142oszenie<\/strong><\/p>\n\n\n\n<figure class=\"wp-block-image\"><img decoding=\"async\" src=\"https:\/\/hello-poland.eu\/wp-content\/uploads\/2022\/08\/karta1-1-1.png\" alt=\"Karta pobytu\"\/><\/figure>\n\n\n\n<p>Klasyfikacja<\/p>\n\n\n\n<h2 class=\"wp-block-heading\">Istnieje kilka&nbsp;<strong>rodzaj\u00f3w kart pobytu:<\/strong><\/h2>\n\n\n\n<ul class=\"wp-block-list\">\n<li><strong>Karta czas\u043ewego p\u043ebytu \u2013\u00a0\u00a0<\/strong><strong>zezwolenie na pobyt czasowy\/kart\u0119 pobytu czasowego<\/strong>\u00a0wydan\u0105 na okres nieprzekraczaj\u0105cy 3 lat.<\/li>\n\n\n\n<li><strong>Blue Card<\/strong>\u00a0\u2013 rodzaj\u00a0<strong>zezwolenia na pobyt czasowy\/karty pracy<\/strong>\u00a0wydawanej dla zawod\u00f3w wymagaj\u0105cych wysokich kwalifikacji (programi\u015bci, kierownicy dzia\u0142\u00f3w, specjali\u015bci ds. zasob\u00f3w ludzkich itp.)<\/li>\n\n\n\n<li><strong>Karta sta\u0142ego pobytu \u2013\u00a0<\/strong><strong>zezwolenie na pobyt sta\u0142y \/ kart\u0119 sta\u0142ego pobytu<\/strong>, kt\u00f3ra uprawnia do bezterminowego pobytu w Polsce, ale sama karta musi by\u0107 zmieniana co 10 lat.<\/li>\n\n\n\n<li><strong>Zezwolenie na pobyt rezydenta d\u0142ugoterminowego Unii Europejskiej \u2013\u00a0<\/strong>Karta rezydenta d\u0142ugoterminowego UE.<\/li>\n<\/ul>\n\n\n\n<figure class=\"wp-block-image\"><img decoding=\"async\" src=\"https:\/\/hello-poland.eu\/wp-content\/uploads\/2022\/08\/karta2-1-1.png\" alt=\"Istnieje kilka rodzaj\u00f3w kart pobytu: \"\/><\/figure>\n\n\n\n<p>Jakie s\u0105 podstawy<\/p>\n\n\n\n<h2 class=\"wp-block-heading\">Podstawy do&nbsp;<strong>uzyskania<br>karty pobytu<\/strong><\/h2>\n\n\n\n<p><strong>Karta czas\u043ewego p\u043ebytu:<\/strong><\/p>\n\n\n\n<ul class=\"wp-block-list\">\n<li>oficjalne zatrudnienie w Polsce;<\/li>\n\n\n\n<li>studiowanie w polskich instytucjach edukacyjnych (uniwersytety, szko\u0142y policyjne);<\/li>\n\n\n\n<li>prowadzenie dzia\u0142alno\u015bci gospodarczej w kraju;<\/li>\n\n\n\n<li>obywatelstwo kt\u00f3regokolwiek z kraj\u00f3w UE;<\/li>\n\n\n\n<li>po\u0142\u0105czenie z cz\u0142onkiem rodziny, kt\u00f3ry posiada ju\u017c kart\u0119 pobytu;<\/li>\n\n\n\n<li>\u0142\u0105czenie rodzin na podstawie ma\u0142\u017ce\u0144stwa z obywatelem polskim<\/li>\n<\/ul>\n\n\n\n<p><strong>Blue Card:<\/strong><\/p>\n\n\n\n<ul class=\"wp-block-list\">\n<li>potwierdzony doch\u00f3d w wysoko\u015bci co najmniej 8500 PLN<\/li>\n\n\n\n<li>wykszta\u0142cenie wy\u017csze lub 5 lat do\u015bwiadczenia w wymaganym zawodzie;<\/li>\n\n\n\n<li>podpisana umowa o prac\u0119 na co najmniej 1 rok;<\/li>\n<\/ul>\n\n\n\n<p><strong>Karta sta\u0142ego pobytu:<\/strong><\/p>\n\n\n\n<ul class=\"wp-block-list\">\n<li>dost\u0119pno\u015b\u0107 Karty Polaka;<\/li>\n\n\n\n<li>polskie korzenie;<\/li>\n\n\n\n<li>dzieci s\u0105 obywatelami polskimi.<\/li>\n<\/ul>\n\n\n\n<p><strong>Zezwolenie na pobyt rezydenta d\u0142ugoterminowego Unii Europejskiej:&nbsp;<\/strong><\/p>\n\n\n\n<ul class=\"wp-block-list\">\n<li>osoba mieszka w Polsce legalnie i nieprzerwanie przez ostatnie 5 lat;<\/li>\n\n\n\n<li>mo\u017cliwe jest wykazanie sta\u0142ego \u017ar\u00f3d\u0142a dochodu;<\/li>\n\n\n\n<li>dost\u0119pno\u015b\u0107 ubezpieczenia zdrowotnego;<\/li>\n\n\n\n<li>dokumenty potwierdzaj\u0105ce znajomo\u015b\u0107 j\u0119zyka polskiego przez kandydata.<\/li>\n<\/ul>\n\n\n\n<p>Nasze ceny<\/p>\n\n\n\n<h2 class=\"wp-block-heading\">Lista us\u0142ug<\/h2>\n\n\n\n<figure class=\"wp-block-table\"><table class=\"has-fixed-layout\"><tbody><tr><th><\/th><th>Konsultacja online z ekspertem od 350 z\u0142<\/th><th>Pakiet podstawowy od 680 z\u0142<\/th><th>Pakiet standardowy od 970 z\u0142<\/th><th>Pakiet Premium od 1850 z\u0142<\/th><th>Pakiet Premium + od 2450 z\u0142<\/th><th>Us\u0142ugi legalizacyjne dla pozosta\u0142ych wojew\u00f3dztw od 970 z\u0142<\/th><\/tr><tr><td>Indywidualna analiza sytuacji klienta<\/td><td><\/td><td><\/td><td><\/td><td><\/td><td><\/td><td><\/td><\/tr><tr><td>Zalecenia dotycz\u0105ce najbardziej obiecuj\u0105cych sposob\u00f3w legalizacji<\/td><td><\/td><td><\/td><td><\/td><td><\/td><td><\/td><td><\/td><\/tr><tr><td>Opracowanie wykazu dokument\u00f3w wymaganych do uzyskania zezwolenia na pobyt czasowy\/sta\u0142y na terenie RP<\/td><td><\/td><td><\/td><td><\/td><td><\/td><td><\/td><td><\/td><\/tr><tr><td>Utworzenie profilu na portalu dla cudzoziemc\u00f3w inPOL i nadanie dost\u0119pu do klienta<\/td><td><\/td><td><\/td><td><\/td><td><\/td><td><\/td><td><\/td><\/tr><tr><td>Wype\u0142nienie wniosku o uzyskanie zezwolenia na pobyt czasowy\/sta\u0142y na terenie RP dla Klienta,<\/td><td><\/td><td><\/td><td><\/td><td><\/td><td><\/td><td><\/td><\/tr><tr><td>Pomoc w przygotowaniu niezb\u0119dnych dokument\u00f3w (kontakt z pracodawc\u0105 i organami pa\u0144stwowymi)<\/td><td><\/td><td><\/td><td><\/td><td><\/td><td><\/td><td><\/td><\/tr><tr><td>Weryfikacja dokument\u00f3w przed ich z\u0142o\u017ceniem w Urz\u0119dzie do Spraw Cudzoziemc\u00f3w<\/td><td><\/td><td><\/td><td><\/td><td><\/td><td><\/td><td><\/td><\/tr><tr><td>Zalecenia dotycz\u0105ce rejestracji wizyty w Ujend poprzez inPOL na dost\u0119pne terminy<\/td><td><\/td><td><\/td><td><\/td><td><\/td><td><\/td><td><\/td><\/tr><tr><td>Udzielanie informacji w zakresie ustawowych wymog\u00f3w uzyskania zezwolenia na pobyt czasowy\/sta\u0142y na terenie RP<\/td><td><\/td><td><\/td><td><\/td><td><\/td><td><\/td><td><\/td><\/tr><tr><td>Rejestracja wizyty w Ujend poprzez inPOL na dost\u0119pne terminy (rejestracja wizyt za pomoc\u0105 bot\u00f3w jest dodatkowo p\u0142atna)<\/td><td><\/td><td><\/td><td><\/td><td><\/td><td><\/td><td><\/td><\/tr><tr><td>Towarzyszenie podczas wizyty w Urz\u0119dzie do Spraw Cudzoziemc\u00f3w<\/td><td><\/td><td><\/td><td><\/td><td><\/td><td><\/td><td><\/td><\/tr><tr><td>Pisemna komunikacja w imieniu klienta, odpowiedzi na zapytania, kontrola warunk\u00f3w<\/td><td><\/td><td><\/td><td><\/td><td><\/td><td><\/td><td><\/td><\/tr><tr><td>Monitorowanie sprawy do czasu uzyskania decyzji<\/td><td><\/td><td><\/td><td><\/td><td><\/td><td><\/td><td><\/td><\/tr><tr><td>W przypadku decyzji negatywnej \u2013 wsparcie w instancji odwo\u0142awczej<\/td><td><\/td><td><\/td><td><\/td><td><\/td><td><\/td><td><\/td><\/tr><tr><td>Pomoc za po\u015brednictwem pracodawcy w uzyskaniu pozwolenia na prac\u0119<\/td><td><\/td><td><\/td><td><\/td><td><\/td><td><\/td><td><\/td><\/tr><\/tbody><\/table><\/figure>\n\n\n\n<p><strong>Wy\u015blij zg\u0142oszenie<\/strong><\/p>\n\n\n\n<p>Dlaczego jest to korzystne?<\/p>\n\n\n\n<h2 class=\"wp-block-heading\">Korzy\u015bczi&nbsp;<strong>karty pobytu<\/strong><\/h2>\n\n\n\n<p>Nie musisz przed\u0142u\u017ca\u0107<br>wizy na okres wa\u017cno\u015bci karty.<\/p>\n\n\n\n<p>Swobodne przekraczanie<br>granicy z Polsk\u0105<\/p>\n\n\n\n<p>Mo\u017cliwo\u015b\u0107<br>podr\u00f3\u017cowania po ca\u0142ej Europie<\/p>\n\n\n\n<p>Wi\u0119ksze szanse na uzyskanie<br>wizy do USA i Wielkiej Brytanii<\/p>\n\n\n\n<p>Mo\u017cliwo\u015b\u0107 nabycia<br>nieruchomo\u015bci i transportu<\/p>\n\n\n\n<p>Korzystne warunki kredytowe,<br>w tym warunki udzielania kredyt\u00f3w hipotecznych<\/p>\n\n\n\n<p>Dodatkowe mo\u017cliwo\u015bci<br>dla biznesu<\/p>\n\n\n\n<p>Legalizacja pobytu<br>rodziny i krewnych<\/p>\n\n\n\n<p><strong>Wy\u015blij zg\u0142oszenie<\/strong><\/p>\n\n\n\n<p>Wymagane dokumenty<\/p>\n\n\n\n<h2 class=\"wp-block-heading\">Jakie dokumenty s\u0105 potrzebne<br><strong>do ubiegania si\u0119 o zezwolenie na pobyt?<\/strong><\/h2>\n\n\n\n<p>Ka\u017cdy przypadek (praca, studia, \u0142\u0105czenie rodzin itp.), na podstawie kt\u00f3rego planujesz ubiega\u0107 si\u0119 o kart\u0119, ma w\u0142asn\u0105 list\u0119 dokument\u00f3w. Na poni\u017cszej li\u015bcie wymienimy dokumenty dotycz\u0105ce zezwolenia na&nbsp;<strong>pobyt \/ karty pobytu<\/strong>, kt\u00f3re s\u0105 wymagane przy sk\u0142adaniu wniosku w dowolnym kierunku:<\/p>\n\n\n\n<ul class=\"wp-block-list\">\n<li>wype\u0142niony formularz wniosku (wniosek);<\/li>\n\n\n\n<li>paszport zagraniczny;<\/li>\n\n\n\n<li>umowa ubezpieczenia;<\/li>\n\n\n\n<li>umowa najmu;<\/li>\n\n\n\n<li>numer PESEL\/NIP (je\u015bli istnieje);<\/li>\n\n\n\n<li>potwierdzenie uiszczenia op\u0142aty skarbowej;<\/li>\n\n\n\n<li>4 zdj\u0119cia o wymiarach 3,5 x 4,5 cm.<\/li>\n<\/ul>\n\n\n\n<p><strong>W przypadku ka\u017cdej z podstaw zg\u0142oszenia nale\u017cy wykaza\u0107 inspektorowi:<\/strong><\/p>\n\n\n\n<ul class=\"wp-block-list\">\n<li>\u017ce masz gdzie mieszka\u0107 (umowa najmu);<\/li>\n\n\n\n<li>masz wystarczaj\u0105c\u0105 ilo\u015b\u0107 pieni\u0119dzy na \u017cycie (umowa o prac\u0119, wyci\u0105g z konta bankowego);<\/li>\n\n\n\n<li>kogo\u015b, kto b\u0119dzie Ci\u0119 leczy\u0142 w przypadku choroby w Polsce (umowa ubezpieczenia).<\/li>\n<\/ul>\n\n\n\n<p>Pakiet dokument\u00f3w do zezwolenia na pobyt \/ karty pobytu (pobyt czasowy lub sta\u0142y) jest rozpatrywany przez inspektora indywidualnie dla ka\u017cdego cudzoziemca, wi\u0119c wed\u0142ug jego uznania mo\u017ce on dodatkowo za\u017c\u0105da\u0107 niekt\u00f3rych dokument\u00f3w.<br><strong>Dla przyk\u0142adu:<\/strong><\/p>\n\n\n\n<ul class=\"wp-block-list\">\n<li>za\u015bwiadczenie o niekaralno\u015bci;<\/li>\n\n\n\n<li>po\u015bwiadczony wyci\u0105g z rachunku bankowego.<\/li>\n<\/ul>\n\n\n\n<h2 class=\"wp-block-heading\">Nasze&nbsp;<strong>us\u0142ugi to:<\/strong><\/h2>\n\n\n\n<p>Kompleksowa obs\u0142uga<br>prawna sprawy<\/p>\n\n\n\n<p>Zminimalizuj Twoj\u0105 obecno\u015b\u0107,<br>przyspieszenie procesu<\/p>\n\n\n\n<p>Gwarantowane otrzymanie czerwonej<br>piecz\u0119ci w dniu zg\u0142oszenia<\/p>\n\n\n\n<p>Osobisty powiernik<br>w sprawie (pe\u0142nomocnik)<\/p>\n\n\n\n<p>Dwuj\u0119zyczna umowa ze wszystkimi<br>gwarancjami dla Klienta<\/p>\n\n\n\n<p><strong>Wy\u015blij zg\u0142oszenie<\/strong><\/p>\n","protected":false},"excerpt":{"rendered":"<p>Zezwolenie na pobyt \/ karta pobytu&nbsp;\u2013&nbsp;to dokument, kt\u00f3ry identyfikuje cudzoziemca, udziela mu zezwolenia na pobyt [&hellip;]<\/p>\n","protected":false},"author":1,"featured_media":0,"parent":222,"menu_order":0,"comment_status":"closed","ping_status":"closed","template":"","meta":{"footnotes":""},"class_list":["post-300","page","type-page","status-publish","hentry"],"_links":{"self":[{"href":"https:\/\/anvi-group.com\/index.php?rest_route=\/wp\/v2\/pages\/300","targetHints":{"allow":["GET"]}}],"collection":[{"href":"https:\/\/anvi-group.com\/index.php?rest_route=\/wp\/v2\/pages"}],"about":[{"href":"https:\/\/anvi-group.com\/index.php?rest_route=\/wp\/v2\/types\/page"}],"author":[{"embeddable":true,"href":"https:\/\/anvi-group.com\/index.php?rest_route=\/wp\/v2\/users\/1"}],"replies":[{"embeddable":true,"href":"https:\/\/anvi-group.com\/index.php?rest_route=%2Fwp%2Fv2%2Fcomments&post=300"}],"version-history":[{"count":1,"href":"https:\/\/anvi-group.com\/index.php?rest_route=\/wp\/v2\/pages\/300\/revisions"}],"predecessor-version":[{"id":301,"href":"https:\/\/anvi-group.com\/index.php?rest_route=\/wp\/v2\/pages\/300\/revisions\/301"}],"up":[{"embeddable":true,"href":"https:\/\/anvi-group.com\/index.php?rest_route=\/wp\/v2\/pages\/222"}],"wp:attachment":[{"href":"https:\/\/anvi-group.com\/index.php?rest_route=%2Fwp%2Fv2%2Fmedia&parent=300"}],"curies":[{"name":"wp","href":"https:\/\/api.w.org\/{rel}","templated":true}]}}