{"id":291,"date":"2024-09-21T15:35:36","date_gmt":"2024-09-21T15:35:36","guid":{"rendered":"https:\/\/anvi-group.com\/?page_id=291"},"modified":"2024-09-21T15:35:37","modified_gmt":"2024-09-21T15:35:37","slug":"konsultacjeplatne","status":"publish","type":"page","link":"https:\/\/anvi-group.com\/?page_id=291&lang=pl","title":{"rendered":"Konsultacjep\u0142atne"},"content":{"rendered":"\n<h2 class=\"wp-block-heading\">Ju\u017c jedna konsultacja z ekspertem ds. prowadzenia dzia\u0142alno\u015bci gospodarczej i legalizacji w Polsce mo\u017ce zaoszcz\u0119dzi\u0107 wiele czasu, nerw\u00f3w i pieni\u0119dzy w przysz\u0142o\u015bci.<\/h2>\n\n\n\n<p><strong>Wy\u015blij zg\u0142oszenie<\/strong><\/p>\n\n\n\n<figure class=\"wp-block-image\"><img decoding=\"async\" src=\"https:\/\/hello-poland.eu\/wp-content\/uploads\/2022\/07\/consultant1-1.png\" alt=\"Konsultacjep\u0142atne\"\/><\/figure>\n\n\n\n<p>Konsultacje<\/p>\n\n\n\n<h2 class=\"wp-block-heading\">Jak wygl\u0105daj\u0105&nbsp;<strong>takie konsultacje?<\/strong><\/h2>\n\n\n\n<ol class=\"wp-block-list\">\n<li>Przesy\u0142asz nam list\u0119 pyta\u0144.<\/li>\n\n\n\n<li>Uzgadniamy form\u0119 p\u0142atno\u015bci, a Ty p\u0142acisz za wybran\u0105 opcj\u0119 konsultacji.<\/li>\n\n\n\n<li>Ustalamy dogodny dla nas i dla Ciebie termin. Nast\u0119pnie dzwonimy do Ciebie przez Skype, Viber lub Messenger, gdziekolwiek czujesz si\u0119 najbardziej komfortowo.<\/li>\n\n\n\n<li>Wysy\u0142amy wszystkie niezb\u0119dne materia\u0142y i linki, kt\u00f3re zosta\u0142y om\u00f3wione podczas konsultacji, je\u015bli jest to przewidziane w taryfie.<\/li>\n<\/ol>\n\n\n\n<p><strong>Wy\u015blij zg\u0142oszenie<\/strong><\/p>\n\n\n\n<figure class=\"wp-block-image\"><img decoding=\"async\" src=\"https:\/\/hello-poland.eu\/wp-content\/uploads\/2022\/07\/consultant2-1.png\" alt=\"Jak wygl\u0105daj\u0105 takie konsultacje?\"\/><\/figure>\n","protected":false},"excerpt":{"rendered":"<p>Ju\u017c jedna konsultacja z ekspertem ds. prowadzenia dzia\u0142alno\u015bci gospodarczej i legalizacji w Polsce mo\u017ce zaoszcz\u0119dzi\u0107 [&hellip;]<\/p>\n","protected":false},"author":1,"featured_media":0,"parent":222,"menu_order":0,"comment_status":"closed","ping_status":"closed","template":"","meta":{"footnotes":""},"class_list":["post-291","page","type-page","status-publish","hentry"],"_links":{"self":[{"href":"https:\/\/anvi-group.com\/index.php?rest_route=\/wp\/v2\/pages\/291","targetHints":{"allow":["GET"]}}],"collection":[{"href":"https:\/\/anvi-group.com\/index.php?rest_route=\/wp\/v2\/pages"}],"about":[{"href":"https:\/\/anvi-group.com\/index.php?rest_route=\/wp\/v2\/types\/page"}],"author":[{"embeddable":true,"href":"https:\/\/anvi-group.com\/index.php?rest_route=\/wp\/v2\/users\/1"}],"replies":[{"embeddable":true,"href":"https:\/\/anvi-group.com\/index.php?rest_route=%2Fwp%2Fv2%2Fcomments&post=291"}],"version-history":[{"count":1,"href":"https:\/\/anvi-group.com\/index.php?rest_route=\/wp\/v2\/pages\/291\/revisions"}],"predecessor-version":[{"id":292,"href":"https:\/\/anvi-group.com\/index.php?rest_route=\/wp\/v2\/pages\/291\/revisions\/292"}],"up":[{"embeddable":true,"href":"https:\/\/anvi-group.com\/index.php?rest_route=\/wp\/v2\/pages\/222"}],"wp:attachment":[{"href":"https:\/\/anvi-group.com\/index.php?rest_route=%2Fwp%2Fv2%2Fmedia&parent=291"}],"curies":[{"name":"wp","href":"https:\/\/api.w.org\/{rel}","templated":true}]}}