{"id":271,"date":"2024-09-21T15:11:48","date_gmt":"2024-09-21T15:11:48","guid":{"rendered":"https:\/\/anvi-group.com\/?page_id=271"},"modified":"2024-09-21T15:11:48","modified_gmt":"2024-09-21T15:11:48","slug":"zezwolenia-i-licencje","status":"publish","type":"page","link":"https:\/\/anvi-group.com\/?page_id=271&lang=pl","title":{"rendered":"Zezwolenia\u00a0i licencje"},"content":{"rendered":"\n<h2 class=\"wp-block-heading\">Niekt\u00f3re zawody i rodzaje dzia\u0142alno\u015bci gospodarczej wykonywane osobi\u015bcie wymagaj\u0105 licencji. Dotyczy to na przyk\u0142ad nast\u0119puj\u0105cych rodzaj\u00f3w dzia\u0142alno\u015bci:<\/h2>\n\n\n\n<ul class=\"wp-block-list\">\n<li>us\u0142ugi taks\u00f3wkarskie,<\/li>\n\n\n\n<li>transport drogowy os\u00f3b i rzeczy,<\/li>\n\n\n\n<li>us\u0142ugi detektywistyczne, ochrona os\u00f3b i mienia,<\/li>\n\n\n\n<li>zarz\u0105dzanie nieruchomo\u015bciami i us\u0142ugi po\u015brednictwa,<\/li>\n\n\n\n<li>rzeczoznawcy maj\u0105tkowi.<\/li>\n<\/ul>\n\n\n\n<p><strong>Wy\u015blij zg\u0142oszenie<\/strong><\/p>\n\n\n\n<figure class=\"wp-block-image\"><img decoding=\"async\" src=\"https:\/\/hello-poland.eu\/wp-content\/uploads\/2022\/07\/licanzii1-1.png\" alt=\"Zezwolenia i licencje\"\/><\/figure>\n\n\n\n<h2 class=\"wp-block-heading\">Kto potrzebuje&nbsp;<strong>zezwolenia?<\/strong><\/h2>\n\n\n\n<p>Zezwolenie na prowadzenie okre\u015blonego rodzaju dzia\u0142alno\u015bci gospodarczej jest wymagane tylko wtedy, gdy wymagaj\u0105 tego przepisy prawa (pe\u0142na lista znajduje si\u0119 w art. 75 ustawy o swobodzie dzia\u0142alno\u015bci gospodarczej). Zezwolenie jest wymagane w szczeg\u00f3lno\u015bci dla nast\u0119puj\u0105cych rodzaj\u00f3w dzia\u0142alno\u015bci:<\/p>\n\n\n\n<ul class=\"wp-block-list\">\n<li>sprzeda\u017c hurtowa i detaliczna napoj\u00f3w alkoholowych,<\/li>\n\n\n\n<li>prowadzenie dzia\u0142alno\u015bci ubezpieczeniowej i po\u015brednictwa ubezpieczeniowego<\/li>\n\n\n\n<li>prowadzenie dzia\u0142alno\u015bci zwi\u0105zanej z loteriami, grami losowymi i zak\u0142adami wzajemnymi,<\/li>\n\n\n\n<li>dzia\u0142ania zwi\u0105zane z wykorzystaniem i usuwaniem odpad\u00f3w z gospodarstw domowych oraz ochron\u0105 przed bezpa\u0144skimi zwierz\u0119tami, organizacja schronisk dla bezpa\u0144skich zwierz\u0105t,<\/li>\n\n\n\n<li>produkcja i dystrybucja tablic rejestracyjnych do pojazd\u00f3w silnikowych,<\/li>\n\n\n\n<li>wytwarzanie i wprowadzanie do obrotu lek\u00f3w, prowadzenie aptek og\u00f3lnodost\u0119pnych,<\/li>\n\n\n\n<li>sprzeda\u017c hurtowa produkt\u00f3w farmaceutycznych.<\/li>\n<\/ul>\n\n\n\n<figure class=\"wp-block-image\"><img decoding=\"async\" src=\"https:\/\/hello-poland.eu\/wp-content\/uploads\/2022\/07\/licanzii2.png\" alt=\"Kto potrzebuje zezwolenia?\"\/><\/figure>\n\n\n\n<h2 class=\"wp-block-heading\">Oferujemynast\u0119puj\u0105ce us\u0142ugi:Licencje transportowe:transport regularny;transport os\u00f3b;transport mi\u0119dzynarodowy;dla taks\u00f3wek\u0456.Zezwolenia na sprzeda\u017c alkoholu i towar\u00f3w obj\u0119tych podatkiem akcyzowymPozwolenia na budow\u0119Licencje agencji zatrudnienia\/pozwolenia na zatrudnienieZezwolenia na produkcj\u0119 pasz dla zwierz\u0105tZezwolenia na prowadzenie dzia\u0142alno\u015bci maklerskiej \u2013 prowadzenie gie\u0142dy papier\u00f3w warto\u015bciowych i rynku pozagie\u0142dowego, gie\u0142dy kryptowalut.Zezwolenia na prowadzenie dzia\u0142alno\u015bci w zakresie gier hazardowych, zak\u0142ad\u00f3w wzajemnych, loterii i gier na automatachZezwolenia na usuwanie odpad\u00f3w z gospodarstw domowych i odpad\u00f3w niebezpiecznychZezwolenia na dzia\u0142alno\u015b\u0107 wodoci\u0105gowo-kanalizacyjn\u0105 w zakresie zbiorowego zaopatrzenia w wod\u0119 lub zbiorowego odprowadzania \u015bciek\u00f3wZezwolenia na rybo\u0142\u00f3wstwo morskieZezwolenia na prowadzenie dzia\u0142alno\u015bci gospodarczejWpis do rejestru dzia\u0142alno\u015bci regulowanejUzyskanie koncesji<a href=\"https:\/\/hello-poland.eu\/service\/reyestracziya-firmy-ta-fop\/\">Rejestracja firmy<\/a>&nbsp;<a href=\"https:\/\/hello-poland.eu\/service\/yurydychnyj-suprovid\/\">Wsparcie prawne<\/a><\/h2>\n\n\n\n<figure class=\"wp-block-image\"><img decoding=\"async\" src=\"https:\/\/hello-poland.eu\/wp-content\/uploads\/2022\/07\/licanzii3-1.png\" alt=\"Oferujemynast\u0119puj\u0105ce us\u0142ugi: \"\/><\/figure>\n","protected":false},"excerpt":{"rendered":"<p>Niekt\u00f3re zawody i rodzaje dzia\u0142alno\u015bci gospodarczej wykonywane osobi\u015bcie wymagaj\u0105 licencji. Dotyczy to na przyk\u0142ad nast\u0119puj\u0105cych [&hellip;]<\/p>\n","protected":false},"author":1,"featured_media":0,"parent":222,"menu_order":0,"comment_status":"closed","ping_status":"closed","template":"","meta":{"footnotes":""},"class_list":["post-271","page","type-page","status-publish","hentry"],"_links":{"self":[{"href":"https:\/\/anvi-group.com\/index.php?rest_route=\/wp\/v2\/pages\/271","targetHints":{"allow":["GET"]}}],"collection":[{"href":"https:\/\/anvi-group.com\/index.php?rest_route=\/wp\/v2\/pages"}],"about":[{"href":"https:\/\/anvi-group.com\/index.php?rest_route=\/wp\/v2\/types\/page"}],"author":[{"embeddable":true,"href":"https:\/\/anvi-group.com\/index.php?rest_route=\/wp\/v2\/users\/1"}],"replies":[{"embeddable":true,"href":"https:\/\/anvi-group.com\/index.php?rest_route=%2Fwp%2Fv2%2Fcomments&post=271"}],"version-history":[{"count":1,"href":"https:\/\/anvi-group.com\/index.php?rest_route=\/wp\/v2\/pages\/271\/revisions"}],"predecessor-version":[{"id":272,"href":"https:\/\/anvi-group.com\/index.php?rest_route=\/wp\/v2\/pages\/271\/revisions\/272"}],"up":[{"embeddable":true,"href":"https:\/\/anvi-group.com\/index.php?rest_route=\/wp\/v2\/pages\/222"}],"wp:attachment":[{"href":"https:\/\/anvi-group.com\/index.php?rest_route=%2Fwp%2Fv2%2Fmedia&parent=271"}],"curies":[{"name":"wp","href":"https:\/\/api.w.org\/{rel}","templated":true}]}}