{"id":265,"date":"2024-09-21T15:05:29","date_gmt":"2024-09-21T15:05:29","guid":{"rendered":"https:\/\/anvi-group.com\/?page_id=265"},"modified":"2024-09-21T15:05:30","modified_gmt":"2024-09-21T15:05:30","slug":"wsparcie-prawne","status":"publish","type":"page","link":"https:\/\/anvi-group.com\/?page_id=265&lang=pl","title":{"rendered":"Wsparcie\u00a0prawne"},"content":{"rendered":"\n<p><\/p>\n\n\n\n<h2 class=\"wp-block-heading\">ANVI GROUP zapewnia wsparcie prawne i ksi\u0119gowe.<\/h2>\n\n\n\n<p>Warto zauwa\u017cy\u0107, \u017ce us\u0142ugi \u201eWsparcie firmy\u201d i \u201eDoradca\u201d (doradca podatkowy) s\u0105 \u015bwiadczone razem, w ka\u017cdym pakiecie (5, 10, 15, 30 i 50 godzin konsultacji).<\/p>\n\n\n\n<p>Wybieraj\u0105c odpowiedni pakiet, otrzymujesz dwie us\u0142ugi jednocze\u015bnie. Mo\u017cesz te\u017c wybra\u0107, na co przeznaczy\u0107 dost\u0119pn\u0105 liczb\u0119 godzin konsultacji.<\/p>\n\n\n\n<p><strong>Wy\u015blij zg\u0142oszenie<\/strong><\/p>\n\n\n\n<figure class=\"wp-block-image\"><img decoding=\"async\" src=\"https:\/\/hello-poland.eu\/wp-content\/uploads\/2022\/07\/img_3184.png\" alt=\"Wsparcie prawne\"\/><\/figure>\n\n\n\n<p>Wsparcie prawne<\/p>\n\n\n\n<h2 class=\"wp-block-heading\">Wsparcie prawne obejmuje<br><strong>nast\u0119puj\u0105ce us\u0142ugi:<\/strong><\/h2>\n\n\n\n<h2 class=\"wp-block-heading\">Prowadzenie dzia\u0142alno\u015bci:<\/h2>\n\n\n\n<ul class=\"wp-block-list\">\n<li>Wsparcie dzia\u0142alno\u015bci korporacyjnej sp\u00f3\u0142ki. Sprzeda\u017c\/kupno udzia\u0142\u00f3w w kapitale zak\u0142adowym sp\u00f3\u0142ek;<br>Zawieszenie dzia\u0142alno\u015bci sp\u00f3\u0142ki, jej likwidacja lub zamro\u017cenie;<\/li>\n\n\n\n<li>Bie\u017c\u0105ce doradztwo (us\u0142ugi abonamentowe) w zakresie dzia\u0142alno\u015bci sp\u00f3\u0142ki;<\/li>\n\n\n\n<li>Przygotowanie plan\u00f3w przekszta\u0142cenia i reorganizacji podmiot\u00f3w prawnych \u2013 ich po\u0142\u0105czenie, sprzeda\u017c cz\u0119\u015bci dzia\u0142alno\u015bci, zmiana formy prawnej. Opracowanie optymalnego procesu wdra\u017cania zmian. Pomoc w faktycznym wdro\u017ceniu.<\/li>\n\n\n\n<li>Powo\u0142anie prokurenta (syndyka), wpis do rejestru KRS;<\/li>\n\n\n\n<li>Zmiany danych sp\u00f3\u0142ki w rejestrze KRS;<\/li>\n\n\n\n<li>Wsparcie w prowadzeniu negocjacji biznesowych dotycz\u0105cych nawi\u0105zania wsp\u00f3\u0142pracy (nie obejmuje wyjazd\u00f3w do kontrahent\u00f3w). Prowadzenie negocjacji mediacyjnych \/ wsparcie na spotkaniach;<\/li>\n\n\n\n<li>Doradztwo w zakresie bie\u017c\u0105cej dzia\u0142alno\u015bci oraz plan\u00f3w dzia\u0142ania i rozwoju;<\/li>\n\n\n\n<li>Sporz\u0105dzanie projekt\u00f3w um\u00f3w handlowych. Doradztwo przy zawieraniu um\u00f3w i nawi\u0105zywaniu wsp\u00f3\u0142pracy handlowej;<\/li>\n\n\n\n<li>W razie potrzeby pomoc przy wystawianiu faktur;<\/li>\n\n\n\n<li>Sprawdzanie dokument\u00f3w, deklaracji celnych zgodnie z wymogami brokera;<\/li>\n\n\n\n<li>Wsp\u00f3\u0142praca z kurierami i paczkami: przyjmowanie, zamawianie, wysy\u0142anie;<\/li>\n\n\n\n<li>Odbieranie korespondencji;Wyszukiwanie broker\u00f3w, po\u015brednictwo mi\u0119dzy klientem a brokerem, negocjacje;<\/li>\n\n\n\n<li>Pomoc w uzyskaniu dost\u0119pu do us\u0142ug i udogodnie\u0144 dla Twojej firmy;<\/li>\n\n\n\n<li>Kompetentne pisanie pism do kontrahent\u00f3w;<\/li>\n\n\n\n<li>Wpisanie sp\u00f3\u0142ki do r\u00f3\u017cnych rejestr\u00f3w, uzyskanie potwierdzenia tego faktu (na przyk\u0142ad: KRAZ, RIS, GUS);<\/li>\n\n\n\n<li>Przeprowadzenie spotkania za\u0142o\u017cycieli i udokumentowanie go;<\/li>\n\n\n\n<li>Wyszukiwanie informacji i dokumentacji towar\u00f3w w polskich \u017ar\u00f3d\u0142ach;<\/li>\n\n\n\n<li>Post\u0119powanie s\u0105dowe \u2013 wyb\u00f3r prawnika (praca prawnika jest op\u0142acana osobno) i przygotowanie dokument\u00f3w.<\/li>\n<\/ul>\n\n\n\n<h2 class=\"wp-block-heading\"><strong>S\u0142u\u017cby publiczne:<\/strong><\/h2>\n\n\n\n<ul class=\"wp-block-list\">\n<li>Reprezentowanie interes\u00f3w sp\u00f3\u0142ki przed organami publicznymi:<br>\u2013 Urz\u0105d Komunikacji;<br>\u2013 G\u0142\u00f3wny Inspektorat Transportu Drogowego;<br>\u2013 Urz\u0105d do Spraw Cudzoziemc\u00f3w;<br>\u2013 Urz\u0105d Patentowy Rzeczypospolitej Polskiej;<br>\u2013 G\u0142\u00f3wny Urz\u0105d Statystyczny;<br>\u2013 Zak\u0142ad Ubezpiecze\u0144 Spo\u0142ecznych;<br>\u2013 Urz\u0105d pracy;<br>\u2013 Urz\u0105d Skarbowy;<br>\u2013 G\u0142\u00f3wny Inspektorat Sanitarny;<br>\u2013 Stra\u017c graniczna;<br>\u2013 Urz\u0105d Wojew\u00f3dzki;<\/li>\n\n\n\n<li>Pisanie list\u00f3w, zapyta\u0144 i odpowiedzi do wy\u017cej wymienionych organ\u00f3w;<\/li>\n\n\n\n<li>Osobisty udzia\u0142 w spotkaniach z organami pa\u0144stwowymi, udzielanie informacji i odpowiadanie na ich zapytania;<\/li>\n<\/ul>\n\n\n\n<h2 class=\"wp-block-heading\"><strong>Pracownicy:<\/strong><\/h2>\n\n\n\n<ul class=\"wp-block-list\">\n<li>Doradztwo w zakresie polityki kadrowej;<\/li>\n\n\n\n<li>Sk\u0142adanie wniosk\u00f3w i pozyskiwanie dokument\u00f3w dla pracownik\u00f3w:\u00a0\u2013\u00a0zezwolenia na prac\u0119 (zaproszenia) (sze\u015b\u0107 miesi\u0119cy i jeden rok);<br>\u2013 sk\u0142adanie aktualnych informacji o zatrudnieniu w Urz\u0119dzie Pracy;<br>\u2013 uzyskanie opinii starosty (opinia starosty \u2013 analiza rynku pracy);<br>\u2013 dokumenty BHP (ochrona pracy);<br>\u2013 badania lekarskie i orzeczenie lekarskie;<br>\u2013 skierowania na badania\/szkolenia\/badania lekarskie;<br>\u2013 certyfikaty rezydencji podatkowej;<br>\u2013 umowy z pracownikami;<br>\u2013 dokumenty zwi\u0105zane z zatrudnieniem;<br>\u2013 podr\u00f3\u017ce s\u0142u\u017cbowe;<br>\u2013 zezwolenie na pobyt, PESEL;<\/li>\n\n\n\n<li>Przygotowanie i z\u0142o\u017cenie dokument\u00f3w o zezwolenie na pobyt\/pobyt sta\u0142y (Karta Pobytu);<\/li>\n\n\n\n<li>Odpowiedzi na podstawowe pytania dotycz\u0105ce wiz i dokument\u00f3w pracowniczych;<\/li>\n\n\n\n<li>Wyszukiwanie program\u00f3w szkoleniowych dla pracownik\u00f3w:<br>\u2013\u00a0kod 95;<br>\u2013 Obs\u0142uga w\u00f3zka wid\u0142owego;<br>\u2013 rozw\u00f3j zawodowy;<br>\u2013 inne;<\/li>\n<\/ul>\n\n\n\n<h2 class=\"wp-block-heading\">Dokumenty<strong>:<\/strong><\/h2>\n\n\n\n<ul class=\"wp-block-list\">\n<li>Korekta um\u00f3w przygotowanych przez kontrahent\u00f3w;<\/li>\n\n\n\n<li>Przygotowywanie i sk\u0142adanie dokument\u00f3w do karty bitowej;<\/li>\n\n\n\n<li>Przygotowanie i wyszukiwanie informacji do uznania dokument\u00f3w otrzymanych za granic\u0105;<\/li>\n\n\n\n<li>Przygotowywanie i t\u0142umaczenie pe\u0142nomocnictw.<\/li>\n<\/ul>\n\n\n\n<h2 class=\"wp-block-heading\"><strong>Transport:<\/strong><\/h2>\n\n\n\n<ul class=\"wp-block-list\">\n<li>Uzyskanie licencji transportowej;<\/li>\n\n\n\n<li>Rejestracja samochodu;<\/li>\n\n\n\n<li>Naliczanie podatku transportowego, sk\u0142adanie dokumentacji;<\/li>\n\n\n\n<li>Wyszukiwanie kodu szkoleniowego 95 dla pracownik\u00f3w;<\/li>\n\n\n\n<li>Wyszukiwanie i negocjacje z gie\u0142dami zlece\u0144 transportowych;<\/li>\n\n\n\n<li>T\u0142umaczenia ustne podczas spotka\u0144 i negocjacji z dealerami samochodowymi.<\/li>\n<\/ul>\n\n\n\n<p><a href=\"https:\/\/hello-poland.eu\/service\/dozvoly-ta-liczenziyi\/\">Wi\u0119cej informacji o licencjach i zezwoleniach<\/a>&nbsp;<a href=\"https:\/\/hello-poland.eu\/service\/buhgalterskyj-oblik\/\">Us\u0142ugi wsparcia ksi\u0119gowego<\/a><\/p>\n","protected":false},"excerpt":{"rendered":"<p>ANVI GROUP zapewnia wsparcie prawne i ksi\u0119gowe. Warto zauwa\u017cy\u0107, \u017ce us\u0142ugi \u201eWsparcie firmy\u201d i \u201eDoradca\u201d [&hellip;]<\/p>\n","protected":false},"author":1,"featured_media":0,"parent":222,"menu_order":0,"comment_status":"closed","ping_status":"closed","template":"","meta":{"footnotes":""},"class_list":["post-265","page","type-page","status-publish","hentry"],"_links":{"self":[{"href":"https:\/\/anvi-group.com\/index.php?rest_route=\/wp\/v2\/pages\/265","targetHints":{"allow":["GET"]}}],"collection":[{"href":"https:\/\/anvi-group.com\/index.php?rest_route=\/wp\/v2\/pages"}],"about":[{"href":"https:\/\/anvi-group.com\/index.php?rest_route=\/wp\/v2\/types\/page"}],"author":[{"embeddable":true,"href":"https:\/\/anvi-group.com\/index.php?rest_route=\/wp\/v2\/users\/1"}],"replies":[{"embeddable":true,"href":"https:\/\/anvi-group.com\/index.php?rest_route=%2Fwp%2Fv2%2Fcomments&post=265"}],"version-history":[{"count":1,"href":"https:\/\/anvi-group.com\/index.php?rest_route=\/wp\/v2\/pages\/265\/revisions"}],"predecessor-version":[{"id":266,"href":"https:\/\/anvi-group.com\/index.php?rest_route=\/wp\/v2\/pages\/265\/revisions\/266"}],"up":[{"embeddable":true,"href":"https:\/\/anvi-group.com\/index.php?rest_route=\/wp\/v2\/pages\/222"}],"wp:attachment":[{"href":"https:\/\/anvi-group.com\/index.php?rest_route=%2Fwp%2Fv2%2Fmedia&parent=265"}],"curies":[{"name":"wp","href":"https:\/\/api.w.org\/{rel}","templated":true}]}}