{"id":263,"date":"2024-09-21T15:03:25","date_gmt":"2024-09-21T15:03:25","guid":{"rendered":"https:\/\/anvi-group.com\/?page_id=263"},"modified":"2024-09-21T15:03:26","modified_gmt":"2024-09-21T15:03:26","slug":"legal-support","status":"publish","type":"page","link":"https:\/\/anvi-group.com\/?page_id=263","title":{"rendered":"Legal\u00a0support"},"content":{"rendered":"\n<p>Service<\/p>\n\n\n\n<h2 class=\"wp-block-heading\">Hello Poland provides full legal and accounting support.<\/h2>\n\n\n\n<p>It should be noted that the services \u201cCompany support\u201d and \u201cCounselor\u201d (tax consultant) are provided together, in each package (5, 10, 15, 30 and 50 hours of consultations).<\/p>\n\n\n\n<p>By choosing the right package, you get two services at once. And you can choose what to assign the total number of hours of consultations to.<\/p>\n\n\n\n<p><strong>Leave an application<\/strong><\/p>\n\n\n\n<figure class=\"wp-block-image\"><img decoding=\"async\" src=\"https:\/\/hello-poland.eu\/wp-content\/uploads\/2022\/07\/img_3184.png\" alt=\"Legal support\"\/><\/figure>\n\n\n\n<p>Legal support<\/p>\n\n\n\n<h2 class=\"wp-block-heading\">Legal support<br><strong>includes the following services<\/strong><\/h2>\n\n\n\n<h2 class=\"wp-block-heading\">Doing business:<\/h2>\n\n\n\n<ul class=\"wp-block-list\">\n<li>Support of corporate activities of the company. Sale\\purchase of shares in the authorized capital of companies;<\/li>\n\n\n\n<li>Stopping the activities of the company, its liquidation or suspension;<\/li>\n\n\n\n<li>Constant consulting (subscription service) on the company\u2019s activities;<\/li>\n\n\n\n<li>Preparation of plans for the transformation and reorganization of legal entities \u2013 their merger, sale of parts of the business, change in the legal form of legal entities. Developing an optimal change process. Assistance in the implementation.<\/li>\n\n\n\n<li>Appointment of a procurant (trustee), entry into the KRS register;<\/li>\n\n\n\n<li>Making changes to company data in the KRS register;<\/li>\n\n\n\n<li>Support in conducting business negotiations to establish cooperation (travels to contractors are not included). Conducting mediation negotiations \/ Accompanying at meetings;<\/li>\n\n\n\n<li>Advising on current business activities as well as action and development plans;<\/li>\n\n\n\n<li>Development of economic contracts. Advising on the conclusion of contracts and the establishment of trade cooperation;<\/li>\n\n\n\n<li>If required \u2013 assistance with invoicing;<\/li>\n\n\n\n<li>Checking documents, declarations for customs in accordance with the requirements of your broker;<\/li>\n\n\n\n<li>Work with couriers and parcels: receiving, ordering, sending; receiving correspondence;<\/li>\n\n\n\n<li>Search for brokers, mediation between the client and the broker, negotiation;<\/li>\n\n\n\n<li>Assistance with accessing services for your company;<\/li>\n\n\n\n<li>Competent writing of letters to contractors;<\/li>\n\n\n\n<li>Entering the company in various registers, obtaining confirmation of this (for example: KRAZ, RIS, GUS);<\/li>\n\n\n\n<li>Holding a meeting of founders and their documentation;<\/li>\n\n\n\n<li>Search of information and product documentation in Polish sources;<\/li>\n\n\n\n<li>Resolution of legal disputes \u2013 search of a lawyer (the work of a lawyer is paid separately) and preparation of documents.<\/li>\n<\/ul>\n\n\n\n<h2 class=\"wp-block-heading\"><strong>State authorities:<\/strong><\/h2>\n\n\n\n<ul class=\"wp-block-list\">\n<li>Representing the interests of the company in state authorities:<br>\u2013 Urz\u0105d Komunikacji;<br>\u2013 G\u0142\u00f3wny Inspektorat Transportu Drogowego;<br>\u2013 Urz\u0105d do Spraw Cudzoziemc\u00f3w;<br>\u2013 Urz\u0105d Patentowy Rzeczypospolitej Polskiej;<br>\u2013 G\u0142\u00f3wny Urz\u0105d Statystyczny;<br>\u2013 Zak\u0142ad Ubezpiecze\u0144 Spo\u0142ecznych;<br>\u2013 Urz\u0105d pracy;<br>\u2013 Urz\u0105d Skarbowy;<br>\u2013 G\u0142\u00f3wny Inspektorat Sanitarny;<br>\u2013 Stra\u017c graniczna;<br>\u2013 Urz\u0105d Wojew\u00f3dzki;\u00a0<\/li>\n\n\n\n<li>Writing letters, requests and responses to the authorities mentioned above;<\/li>\n\n\n\n<li>Personal appearance in state authorities, providing information and responding to their requests;<\/li>\n<\/ul>\n\n\n\n<h2 class=\"wp-block-heading\"><strong>Employees:<\/strong><\/h2>\n\n\n\n<ul class=\"wp-block-list\">\n<li>Advice on human resources policy;<\/li>\n\n\n\n<li>Submitting applications and receiving documents for employees:<br>\u2013\u00a0 work permits (invitations) (for a period of six months and a year);<br>\u2013 providing up-to-date information about employment in Urz\u0105d Pracy;<br>\u2013 obtaining opinia starosty (labor market analysis);<br>\u2013\u00a0OSH training;<br>\u2013medical examination and medical certificate;<br>\u2013 referral for examination\/training\/medical examinations;<br>-Tax Residence Certificates;<br>\u2013 contracts with employees;<br>\u2013 employment documents;<br>\u2013 business trips;<br>-registration, PESEL;<\/li>\n\n\n\n<li>Preparation and submission of documents for a temporary residence permit \/ permanent residence permit (Karta Pobytu);<\/li>\n\n\n\n<li>Answers to basic questions about visas and documents of employees;<\/li>\n\n\n\n<li>Search of employee training programs:<br>\u2013 \u201ccode 95\u201d;<br>\u2013 loader control;<br>\u2013 professional development;<br>\u2013 etc.;<\/li>\n<\/ul>\n\n\n\n<h2 class=\"wp-block-heading\"><strong>Documents<\/strong><strong>:<\/strong><\/h2>\n\n\n\n<ul class=\"wp-block-list\">\n<li>Proofreading of contracts prepared by contractors;<\/li>\n\n\n\n<li>Preparation and submission of documents for a residence permit;<\/li>\n\n\n\n<li>Preparation and search for information for the recognition of documents received abroad;<\/li>\n\n\n\n<li>Preparation and translation of power of attorneys.<\/li>\n<\/ul>\n\n\n\n<h2 class=\"wp-block-heading\"><strong>Vehicles:<\/strong><\/h2>\n\n\n\n<ul class=\"wp-block-list\">\n<li>Obtaining a transportation license;<\/li>\n\n\n\n<li>Vehicle registration;<\/li>\n\n\n\n<li>Calculation of transport taxes, providing documentation;<\/li>\n\n\n\n<li>Search of training \u201ccode 95\u201d for employees;<\/li>\n\n\n\n<li>Search and negotiations on stock exchanges of transport orders;<\/li>\n\n\n\n<li>Translation at meetings and negotiations with car dealerships.<\/li>\n<\/ul>\n\n\n\n<p><a href=\"https:\/\/hello-poland.eu\/ru\/service\/razresheniya-i-liczenzii\/\">More about licenses and permits<\/a>&nbsp;<a href=\"https:\/\/hello-poland.eu\/ru\/service\/buhgalterskij-uchet\/\">Accounting support services<\/a><\/p>\n","protected":false},"excerpt":{"rendered":"<p>Service Hello Poland provides full legal and accounting support. It should be noted that the [&hellip;]<\/p>\n","protected":false},"author":1,"featured_media":0,"parent":224,"menu_order":0,"comment_status":"closed","ping_status":"closed","template":"","meta":{"footnotes":""},"class_list":["post-263","page","type-page","status-publish","hentry"],"_links":{"self":[{"href":"https:\/\/anvi-group.com\/index.php?rest_route=\/wp\/v2\/pages\/263","targetHints":{"allow":["GET"]}}],"collection":[{"href":"https:\/\/anvi-group.com\/index.php?rest_route=\/wp\/v2\/pages"}],"about":[{"href":"https:\/\/anvi-group.com\/index.php?rest_route=\/wp\/v2\/types\/page"}],"author":[{"embeddable":true,"href":"https:\/\/anvi-group.com\/index.php?rest_route=\/wp\/v2\/users\/1"}],"replies":[{"embeddable":true,"href":"https:\/\/anvi-group.com\/index.php?rest_route=%2Fwp%2Fv2%2Fcomments&post=263"}],"version-history":[{"count":1,"href":"https:\/\/anvi-group.com\/index.php?rest_route=\/wp\/v2\/pages\/263\/revisions"}],"predecessor-version":[{"id":264,"href":"https:\/\/anvi-group.com\/index.php?rest_route=\/wp\/v2\/pages\/263\/revisions\/264"}],"up":[{"embeddable":true,"href":"https:\/\/anvi-group.com\/index.php?rest_route=\/wp\/v2\/pages\/224"}],"wp:attachment":[{"href":"https:\/\/anvi-group.com\/index.php?rest_route=%2Fwp%2Fv2%2Fmedia&parent=263"}],"curies":[{"name":"wp","href":"https:\/\/api.w.org\/{rel}","templated":true}]}}