{"id":238,"date":"2024-09-08T17:17:25","date_gmt":"2024-09-08T17:17:25","guid":{"rendered":"https:\/\/anvi-group.com\/?page_id=238"},"modified":"2024-09-08T17:58:07","modified_gmt":"2024-09-08T17:58:07","slug":"inkubatorbiznesu","status":"publish","type":"page","link":"https:\/\/anvi-group.com\/?page_id=238&lang=pl","title":{"rendered":"Inkubatorbiznesu"},"content":{"rendered":"\n<p>Jeste\u015bmy organizacj\u0105, kt\u00f3ra dzia\u0142a jako po\u015brednik mi\u0119dzy przedsi\u0119biorc\u0105 a jego klientami w celu uregulowania kwestii finansowych, podatkowych i prawnych. Dzi\u0119ki tej us\u0142udze nie trzeba osobno rejestrowa\u0107 dzia\u0142alno\u015bci gospodarczej, wi\u0119c jest ona odpowiednia dla freelancer\u00f3w.<\/p>\n\n\n\n<h3 class=\"wp-block-heading\"><strong>Korzy\u015bci:<\/strong><\/h3>\n\n\n\n<ul class=\"wp-block-list\">\n<li>Ukrai\u0144cy maj\u0105 dost\u0119p do rynku pracy, co przyspiesza ca\u0142y proces wsp\u00f3\u0142pracy.<\/li>\n\n\n\n<li>Wzgl\u0119dna \u0142atwo\u015b\u0107 prowadzenia dzia\u0142alno\u015bci gospodarczej w Polsce.<\/li>\n\n\n\n<li>Nie ma potrzeby korzystania z us\u0142ug ksi\u0119gowego.<\/li>\n\n\n\n<li>Mo\u017cna zalegalizowa\u0107 dzia\u0142alno\u015b\u0107 ca\u0142ej rodziny na d\u0142ugi okres czasu.<\/li>\n\n\n\n<li>Elastyczne stawki podatkowe dla programist\u00f3w, grafik\u00f3w i marketer\u00f3w w por\u00f3wnaniu do innych form prowadzenia dzia\u0142alno\u015bci gospodarczej w Polsce.<\/li>\n<\/ul>\n\n\n\n<figure class=\"wp-block-image\"><img decoding=\"async\" src=\"https:\/\/hello-poland.eu\/wp-content\/uploads\/2022\/07\/bisnes-1.png\" alt=\"Inkubatorbiznesu\"\/><\/figure>\n\n\n\n<h2 class=\"wp-block-heading\">Jak to dzia\u0142a&nbsp;<strong>w praktyce<\/strong><\/h2>\n\n\n\n<ul class=\"wp-block-list\">\n<li>Analiza formularza zg\u0142oszeniowego;<\/li>\n\n\n\n<li>Podpisanie umowy, po kt\u00f3rym zostanie otwarty dla Ciebie wirtualny projekt i subkonto;<\/li>\n\n\n\n<li>Podpisanie umowy o prac\u0119 (Umowa o dzie\u0142o lub Umowa zlecenia), po kt\u00f3rej z mocy prawa staniesz si\u0119 pracownikiem polskiej firmy;<\/li>\n\n\n\n<li>Podpisanie umowy o wsp\u00f3\u0142pracy biznesowej mi\u0119dzy polsk\u0105 sp\u00f3\u0142k\u0105 (inkubatorem) a Tob\u0105. Zgodnie z tak\u0105 umow\u0105, u\u017cytkownik przesy\u0142a p\u0142atno\u015b\u0107 za us\u0142ugi na subkonto inkubatora;<\/li>\n\n\n\n<li>Gdy tylko \u015brodki zostan\u0105 zaksi\u0119gowane na koncie, pracownicy inkubatora opodatkowuj\u0105 te \u015brodki i pobieraj\u0105 niezb\u0119dne podatki, a nast\u0119pnie wyp\u0142acaj\u0105 ci pozosta\u0142\u0105 kwot\u0119 jako wynagrodzenie.<\/li>\n<\/ul>\n\n\n\n<p><strong>Wy\u015blij zg\u0142oszenie<\/strong><\/p>\n\n\n\n<figure class=\"wp-block-image\"><img decoding=\"async\" src=\"https:\/\/hello-poland.eu\/wp-content\/uploads\/2022\/07\/bisnes2-1.png\" alt=\"Jak to dzia\u0142a w praktyce\"\/><\/figure>\n","protected":false},"excerpt":{"rendered":"<p>Jeste\u015bmy organizacj\u0105, kt\u00f3ra dzia\u0142a jako po\u015brednik mi\u0119dzy przedsi\u0119biorc\u0105 a jego klientami w celu uregulowania kwestii [&hellip;]<\/p>\n","protected":false},"author":1,"featured_media":0,"parent":222,"menu_order":0,"comment_status":"closed","ping_status":"closed","template":"","meta":{"footnotes":""},"class_list":["post-238","page","type-page","status-publish","hentry"],"_links":{"self":[{"href":"https:\/\/anvi-group.com\/index.php?rest_route=\/wp\/v2\/pages\/238","targetHints":{"allow":["GET"]}}],"collection":[{"href":"https:\/\/anvi-group.com\/index.php?rest_route=\/wp\/v2\/pages"}],"about":[{"href":"https:\/\/anvi-group.com\/index.php?rest_route=\/wp\/v2\/types\/page"}],"author":[{"embeddable":true,"href":"https:\/\/anvi-group.com\/index.php?rest_route=\/wp\/v2\/users\/1"}],"replies":[{"embeddable":true,"href":"https:\/\/anvi-group.com\/index.php?rest_route=%2Fwp%2Fv2%2Fcomments&post=238"}],"version-history":[{"count":1,"href":"https:\/\/anvi-group.com\/index.php?rest_route=\/wp\/v2\/pages\/238\/revisions"}],"predecessor-version":[{"id":239,"href":"https:\/\/anvi-group.com\/index.php?rest_route=\/wp\/v2\/pages\/238\/revisions\/239"}],"up":[{"embeddable":true,"href":"https:\/\/anvi-group.com\/index.php?rest_route=\/wp\/v2\/pages\/222"}],"wp:attachment":[{"href":"https:\/\/anvi-group.com\/index.php?rest_route=%2Fwp%2Fv2%2Fmedia&parent=238"}],"curies":[{"name":"wp","href":"https:\/\/api.w.org\/{rel}","templated":true}]}}