{"id":230,"date":"2024-09-08T17:09:14","date_gmt":"2024-09-08T17:09:14","guid":{"rendered":"https:\/\/anvi-group.com\/?page_id=230"},"modified":"2024-09-08T17:57:52","modified_gmt":"2024-09-08T17:57:52","slug":"rejestracja-spolkii-jdg","status":"publish","type":"page","link":"https:\/\/anvi-group.com\/?page_id=230&lang=pl","title":{"rendered":"Rejestracja\u00a0sp\u00f3\u0142kii JDG"},"content":{"rendered":"\n<ul class=\"wp-block-list\">\n<li><strong>Sp. z o.o. (LLC)<\/strong>\u00a0jest polskim odpowiednikiem sp\u00f3\u0142ki z ograniczon\u0105 odpowiedzialno\u015bci\u0105.<\/li>\n\n\n\n<li><strong>Jednoosobowa dzia\u0142alno\u015b\u0107 gospodarcza (JDG)<\/strong>\u00a0jest polskim odpowiednikiem prowadzenia firmy jako indywidualny przedsi\u0119biorca.<\/li>\n\n\n\n<li><strong>Gotowa sp\u00f3\u0142ka z numerem VAT<\/strong>\u00a0to okazja do zakupu istniej\u0105cej sp\u00f3\u0142ki.<\/li>\n\n\n\n<li><strong>Przedstawicielstwo sp\u00f3\u0142ki<\/strong>\u00a0to forma prawna przedsi\u0119biorstwa, kt\u00f3re mo\u017ce prowadzi\u0107 dzia\u0142alno\u015b\u0107 jako przedstawicielstwo zagranicznej sp\u00f3\u0142ki z innego kraju<\/li>\n\n\n\n<li><strong>S.A.<\/strong>\u00a0\u2013\u00a0jest polskim odpowiednikiem sp\u00f3\u0142ki akcyjnej<\/li>\n\n\n\n<li>A tak\u017ce\u00a0<strong>inkubator biznesu<\/strong><\/li>\n<\/ul>\n\n\n\n<p><strong>Wy\u015blij zg\u0142oszenie<\/strong><\/p>\n\n\n\n<figure class=\"wp-block-image\"><img decoding=\"async\" src=\"https:\/\/hello-poland.eu\/wp-content\/uploads\/2022\/07\/registacia.png\" alt=\"Rejestracja sp\u00f3\u0142ki i JDG\"\/><\/figure>\n\n\n\n<h2 class=\"wp-block-heading\">Sp. z o.o.<\/h2>\n\n\n\n<p><strong>Sp. z o.o.<\/strong>&nbsp;\u2013&nbsp;jest polskim odpowiednikiem sp\u00f3\u0142ki z ograniczon\u0105 odpowiedzialno\u015bci\u0105.&nbsp;<\/p>\n\n\n\n<h3 class=\"wp-block-heading\">Korzy\u015bci:<\/h3>\n\n\n\n<ul class=\"wp-block-list\">\n<li>Status podmiotu prawnego<\/li>\n\n\n\n<li>Ograniczona odpowiedzialno\u015b\u0107<\/li>\n\n\n\n<li>Otwarcie przez jednego lub wielu za\u0142o\u017cycieli<\/li>\n\n\n\n<li>W niekt\u00f3rych przypadkach nie ma potrzeby op\u0142acania sk\u0142adek ubezpieczeniowych<\/li>\n\n\n\n<li>Mo\u017cliwo\u015b\u0107 rejestracji online<\/li>\n<\/ul>\n\n\n\n<figure class=\"wp-block-image\"><img decoding=\"async\" src=\"https:\/\/hello-poland.eu\/wp-content\/uploads\/2022\/07\/regist1-1.png\" alt=\"Sp. z o.o. \"\/><\/figure>\n\n\n\n<h2 class=\"wp-block-heading\">Jednoosobowa dzia\u0142alno\u015b\u0107 gospodarcza (JDG)<\/h2>\n\n\n\n<p><strong>Jednoosobowa dzia\u0142alno\u015b\u0107 gospodarcza<\/strong><strong>&nbsp;(JDG)<\/strong>&nbsp;\u2013&nbsp;jest polskim odpowiednikiem prowadzenia firmy jako indywidualny przedsi\u0119biorca.<\/p>\n\n\n\n<h3 class=\"wp-block-heading\">Korzy\u015bci:<\/h3>\n\n\n\n<ul class=\"wp-block-list\">\n<li>Korzy\u015bci podatkowe na pocz\u0105tku dzia\u0142alno\u015bci<\/li>\n\n\n\n<li>Koszty prowadzenia dzia\u0142alno\u015bci obni\u017caj\u0105 p\u0142acony podatek<\/li>\n\n\n\n<li>Mo\u017cliwo\u015b\u0107 p\u0142acenia jednego podatku (19% niezale\u017cnie od uzyskanego dochodu lub 12% do 120 tys. z\u0142 i 32% po 120 tys. z\u0142 + formy opodatkowania dla niekt\u00f3rych form dzia\u0142alno\u015bci 8,5% i 12%)<\/li>\n\n\n\n<li>Elastyczne godziny pracy<\/li>\n\n\n\n<li>Zarobki bez g\u00f3rnego limitu<\/li>\n<\/ul>\n\n\n\n<figure class=\"wp-block-image\"><img decoding=\"async\" src=\"https:\/\/hello-poland.eu\/wp-content\/uploads\/2022\/07\/fop.png\" alt=\"Jednoosobowa dzia\u0142alno\u015b\u0107 gospodarcza (JDG)\"\/><\/figure>\n\n\n\n<h2 class=\"wp-block-heading\">Jak to wygl\u0105da&nbsp;<strong>w praktyce:<\/strong><\/h2>\n\n\n\n<p>Kontakt<\/p>\n\n\n\n<p>Skontaktuj si\u0119 i wype\u0142nij formularz<\/p>\n\n\n\n<p>Analiza i realizacja podpisu cyfrowego<\/p>\n\n\n\n<p>Sprawdzamy i analizujemy dane z formularza zg\u0142oszeniowego. Rozpoczynamy procedur\u0119 uzyskania numeru identyfikacji podatkowej PESEL (je\u015bli go nie posiadasz) oraz elektronicznego podpisu cyfrowego dla ka\u017cdego ze wsp\u00f3\u0142za\u0142o\u017cycieli sp\u00f3\u0142ki. Termin ten wynosi od 2 do 5 dni.<\/p>\n\n\n\n<p>Etap przygotowawczy i walidacja<\/p>\n\n\n\n<p>Wyb\u00f3r kod\u00f3w KVED\/PKD, koordynacja adresu prawnego, stosunek udzia\u0142\u00f3w wsp\u00f3\u0142w\u0142a\u015bcicieli w kapitale zak\u0142adowym oraz wyb\u00f3r formy zarz\u0105du sp\u00f3\u0142ki. Nast\u0119pnie klient potwierdza poprawno\u015b\u0107 wszystkich danych.<\/p>\n\n\n\n<p>Z\u0142o\u017cenie wniosku do KRS<\/p>\n\n\n\n<p>Przygotowujemy wszystkie niezb\u0119dne wnioski i wnioski do rejestru s\u0105dowego o rejestracj\u0119 sp\u00f3\u0142ki i podpisujemy je za pomoc\u0105 podpisu elektronicznego. Uiszczamy op\u0142at\u0119 pa\u0144stwow\u0105 za wpisanie sp\u00f3\u0142ki do rejestru. Wprowadzamy dane do CBRC. Na tym etapie otrzymujemy numer identyfikacji podatkowej NIP oraz numer statystyczny REGON. Czas oczekiwania wynosi od 24 godzin do 7 dni.<\/p>\n\n\n\n<p>Otwarcie konta bankowego<\/p>\n\n\n\n<p>Po potwierdzeniu rejestracji otwieramy rachunek bie\u017c\u0105cy.<\/p>\n\n\n\n<p>Podpisanie dokument\u00f3w o wsp\u00f3\u0142pracy<\/p>\n\n\n\n<p>Mo\u017cesz podpisa\u0107 umow\u0119 na wsparcie ksi\u0119gowe, otwarcie i utrzymanie adresu prawnego oraz us\u0142ugi konsultingowe.<\/p>\n\n\n\n<p><strong>Wy\u015blij zg\u0142oszenie<\/strong><\/p>\n\n\n\n<p>Dost\u0119pne s\u0105 r\u00f3wnie\u017c nast\u0119puj\u0105ce opcje:<\/p>\n\n\n\n<h2 class=\"wp-block-heading\">Gotowa sp\u00f3\u0142ka z numerem VAT<\/h2>\n\n\n\n<p><strong>Gotowa sp\u00f3\u0142ka z numerem VAT<\/strong>&nbsp;to okazja do zakupu istniej\u0105cej sp\u00f3\u0142ki.<\/p>\n\n\n\n<h3 class=\"wp-block-heading\">Korzy\u015bci:<\/h3>\n\n\n\n<ul class=\"wp-block-list\">\n<li>Gotowa do dzia\u0142ania sp\u00f3\u0142ka<\/li>\n\n\n\n<li>Wa\u017cny rachunek bankowy w walucie krajowej oraz dodatkowo w walutach obcych<\/li>\n\n\n\n<li>Statut sp\u00f3\u0142ki i odpis z rejestru w formie elektronicznej<\/li>\n\n\n\n<li>Op\u0142acony na okres 1 roku adres siedziby sp\u00f3\u0142ki wraz z us\u0142ug\u0105 odbierania i przekazywania skan\u00f3w korespondencji pocztowej na adres e-mail klienta (tzw. \u201ewirtualne biuro\u201d)<\/li>\n\n\n\n<li>Wykonana piecz\u0119\u0107<\/li>\n<\/ul>\n\n\n\n<figure class=\"wp-block-image\"><img decoding=\"async\" src=\"https:\/\/hello-poland.eu\/wp-content\/uploads\/2022\/07\/vat-1.png\" alt=\"Gotowa sp\u00f3\u0142ka z numerem VAT\"\/><\/figure>\n\n\n\n<p>Dost\u0119pne s\u0105 r\u00f3wnie\u017c nast\u0119puj\u0105ce opcje:<\/p>\n\n\n\n<h2 class=\"wp-block-heading\">Inkubator biznesu<\/h2>\n\n\n\n<p>Odpowiedni dla specjalist\u00f3w IT, freelancer\u00f3w (projektant\u00f3w, marketer\u00f3w, copywriter\u00f3w, fotograf\u00f3w itp.).<\/p>\n\n\n\n<p><a href=\"https:\/\/hello-poland.eu\/service\/biznes-inkubator\/\">Czytaj wi\u0119cej o Inkubatorze biznesu<\/a><\/p>\n\n\n\n<figure class=\"wp-block-image\"><img decoding=\"async\" src=\"https:\/\/hello-poland.eu\/wp-content\/uploads\/2022\/07\/incubator1.png\" alt=\"Inkubator biznesu\"\/><\/figure>\n\n\n\n<h2 class=\"wp-block-heading\">Us\u0142ugi&nbsp;<strong>dodatkowe<\/strong><\/h2>\n\n\n\n<p>Otrzymasz r\u00f3wnie\u017c nast\u0119puj\u0105ce opcjonalne lub dodatkowe us\u0142ugi:<\/p>\n\n\n\n<ul class=\"wp-block-list\">\n<li>uzyskanie podpisu elektronicznego ePUAP<\/li>\n\n\n\n<li>klucze elektroniczne<\/li>\n\n\n\n<li>definicja dzia\u0142alno\u015bci<\/li>\n\n\n\n<li>sporz\u0105dzenie umowy sp\u00f3\u0142ki<\/li>\n\n\n\n<li>adres siedziby<\/li>\n\n\n\n<li>numer rejestrowy (KRS)<\/li>\n\n\n\n<li>zmiany w KRS<\/li>\n\n\n\n<li>z\u0142o\u017cenie informacji o beneficjentach<\/li>\n\n\n\n<li>wyrobienie piecz\u0119ci<\/li>\n\n\n\n<li>numer celny (EORI)<\/li>\n\n\n\n<li>numer VAT (VAT UE)<\/li>\n\n\n\n<li>wystawienie zaproszenia wizowego<\/li>\n\n\n\n<li>likwidacja\/rozwi\u0105zanie sp\u00f3\u0142ki<\/li>\n\n\n\n<li>otwarcie firmy i konta bez osobistej obecno\u015bci<\/li>\n\n\n\n<li>kompleksowe wsparcie Twojego biznesu<\/li>\n<\/ul>\n","protected":false},"excerpt":{"rendered":"<p>Wy\u015blij zg\u0142oszenie Sp. z o.o. Sp. z o.o.&nbsp;\u2013&nbsp;jest polskim odpowiednikiem sp\u00f3\u0142ki z ograniczon\u0105 odpowiedzialno\u015bci\u0105.&nbsp; Korzy\u015bci: [&hellip;]<\/p>\n","protected":false},"author":1,"featured_media":0,"parent":222,"menu_order":0,"comment_status":"closed","ping_status":"closed","template":"","meta":{"footnotes":""},"class_list":["post-230","page","type-page","status-publish","hentry"],"_links":{"self":[{"href":"https:\/\/anvi-group.com\/index.php?rest_route=\/wp\/v2\/pages\/230","targetHints":{"allow":["GET"]}}],"collection":[{"href":"https:\/\/anvi-group.com\/index.php?rest_route=\/wp\/v2\/pages"}],"about":[{"href":"https:\/\/anvi-group.com\/index.php?rest_route=\/wp\/v2\/types\/page"}],"author":[{"embeddable":true,"href":"https:\/\/anvi-group.com\/index.php?rest_route=\/wp\/v2\/users\/1"}],"replies":[{"embeddable":true,"href":"https:\/\/anvi-group.com\/index.php?rest_route=%2Fwp%2Fv2%2Fcomments&post=230"}],"version-history":[{"count":1,"href":"https:\/\/anvi-group.com\/index.php?rest_route=\/wp\/v2\/pages\/230\/revisions"}],"predecessor-version":[{"id":231,"href":"https:\/\/anvi-group.com\/index.php?rest_route=\/wp\/v2\/pages\/230\/revisions\/231"}],"up":[{"embeddable":true,"href":"https:\/\/anvi-group.com\/index.php?rest_route=\/wp\/v2\/pages\/222"}],"wp:attachment":[{"href":"https:\/\/anvi-group.com\/index.php?rest_route=%2Fwp%2Fv2%2Fmedia&parent=230"}],"curies":[{"name":"wp","href":"https:\/\/api.w.org\/{rel}","templated":true}]}}