{"id":226,"date":"2024-09-08T17:05:53","date_gmt":"2024-09-08T17:05:53","guid":{"rendered":"https:\/\/anvi-group.com\/?page_id=226"},"modified":"2024-09-08T17:54:46","modified_gmt":"2024-09-08T17:54:46","slug":"%d1%80%d0%b5%d0%b3%d0%b8%d1%81%d1%82%d1%80%d0%b0%d1%86%d0%b8%d1%8f-%d1%84%d0%b8%d1%80%d0%bc%d1%8b%d0%b8-%d1%84%d0%be%d0%bf","status":"publish","type":"page","link":"https:\/\/anvi-group.com\/?page_id=226&lang=ru","title":{"rendered":"\u0420\u0435\u0433\u0438\u0441\u0442\u0440\u0430\u0446\u0438\u044f\u00a0\u0444\u0438\u0440\u043c\u044b \u0438 \u0424\u041e\u041f"},"content":{"rendered":"\n<ul class=\"wp-block-list\">\n<li><strong>Sp. z o.o. (\u041e\u041e\u041e)<\/strong>\u00a0\u2014 \u044d\u0442\u043e \u043f\u043e\u043b\u044c\u0441\u043a\u0438\u0439 \u044d\u043a\u0432\u0438\u0432\u0430\u043b\u0435\u043d\u0442 \u043e\u0431\u0449\u0435\u0441\u0442\u0432\u0430 \u0441 \u043e\u0433\u0440\u0430\u043d\u0438\u0447\u0435\u043d\u043d\u043e\u0439 \u043e\u0442\u0432\u0435\u0442\u0441\u0442\u0432\u0435\u043d\u043d\u043e\u0441\u0442\u044c\u044e.<\/li>\n\n\n\n<li><strong>Jednoosobowa dzia\u0142alno\u015b\u0107 gospodarcza (\u0424\u041e\u041f)<\/strong>\u00a0\u2014 \u044d\u0442\u043e \u043f\u043e\u043b\u044c\u0441\u043a\u0438\u0439 \u044d\u043a\u0432\u0438\u0432\u0430\u043b\u0435\u043d\u0442 \u0432\u0435\u0434\u0435\u043d\u0438\u044f \u0444\u0438\u0440\u043c\u044b \u043a\u0430\u043a \u0438\u043d\u0434\u0438\u0432\u0438\u0434\u0443\u0430\u043b\u044c\u043d\u044b\u0439 \u0447\u0430\u0441\u0442\u043d\u044b\u0439 \u043f\u0440\u0435\u0434\u043f\u0440\u0438\u043d\u0438\u043c\u0430\u0442\u0435\u043b\u044c.<\/li>\n\n\n\n<li><strong>\u0413\u043e\u0442\u043e\u0432\u0430\u044f \u043a\u043e\u043c\u043f\u0430\u043d\u0438\u044f \u0441 VAT \u043d\u043e\u043c\u0435\u0440\u043e\u043c<\/strong>\u00a0\u2014 \u0432\u043e\u0437\u043c\u043e\u0436\u043d\u043e\u0441\u0442\u044c \u043f\u0440\u0438\u043e\u0431\u0440\u0435\u0441\u0442\u0438 \u0434\u0435\u0439\u0441\u0442\u0432\u0443\u044e\u0449\u0443\u044e \u0444\u0438\u0440\u043c\u0443.<\/li>\n\n\n\n<li><strong>\u041f\u0440\u0435\u0434\u0441\u0442\u0430\u0432\u0438\u0442\u0435\u043b\u044c\u0441\u0442\u0432\u043e \u0444\u0438\u0440\u043c\u044b<\/strong>\u00a0\u2014 \u044e\u0440\u0438\u0434\u0438\u0447\u0435\u0441\u043a\u0430\u044f \u0444\u043e\u0440\u043c\u0430 \u043f\u0440\u0435\u0434\u043f\u0440\u0438\u044f\u0442\u0438\u044f, \u043a\u043e\u0442\u043e\u0440\u0430\u044f \u043c\u043e\u0436\u0435\u0442 \u0432\u0435\u0441\u0442\u0438 \u0431\u0438\u0437\u043d\u0435\u0441-\u0434\u0435\u044f\u0442\u0435\u043b\u044c\u043d\u043e\u0441\u0442\u044c, \u044f\u0432\u043b\u044f\u044f\u0441\u044c \u043f\u0440\u0435\u0434\u0441\u0442\u0430\u0432\u0438\u0442\u0435\u043b\u044c\u0441\u0442\u0432\u043e\u043c \u0438\u043d\u043e\u0441\u0442\u0440\u0430\u043d\u043d\u043e\u0439 \u0444\u0438\u0440\u043c\u044b \u0438\u0437 \u0434\u0440\u0443\u0433\u043e\u0433\u043e \u0433\u043e\u0441\u0443\u0434\u0430\u0440\u0441\u0442\u0432\u0430<\/li>\n\n\n\n<li><strong>S.A.<\/strong>\u00a0\u2014 \u044d\u0442\u043e \u043f\u043e\u043b\u044c\u0441\u043a\u0438\u0439 \u044d\u043a\u0432\u0438\u0432\u0430\u043b\u0435\u043d\u0442 \u0444\u0438\u0440\u043c \u2014 \u0430\u043a\u0446\u0438\u043e\u043d\u0435\u0440\u043d\u044b\u0445 \u043e\u0431\u0449\u0435\u0441\u0442\u0432<\/li>\n\n\n\n<li>\u0410 \u0442\u0430\u043a\u0436\u0435\u00a0<a href=\"https:\/\/hello-poland.eu\/ru\/service\/bizness-inkubator\/\"><strong>\u0411\u0438\u0437\u043d\u0435\u0441-\u0418\u043d\u043a\u0443\u0431\u0430\u0442\u043e\u0440<\/strong><\/a><\/li>\n<\/ul>\n\n\n\n<p><strong>\u041e\u0442\u043f\u0440\u0430\u0432\u0438\u0442\u044c \u0437\u0430\u044f\u0432\u043a\u0443<\/strong><\/p>\n\n\n\n<figure class=\"wp-block-image\"><img decoding=\"async\" src=\"https:\/\/hello-poland.eu\/wp-content\/uploads\/2022\/07\/registacia.png\" alt=\"\u0420\u0435\u0433\u0438\u0441\u0442\u0440\u0430\u0446\u0438\u044f \u0444\u0438\u0440\u043c\u044b \u0438 \u0424\u041e\u041f\"\/><\/figure>\n\n\n\n<h2 class=\"wp-block-heading\">Sp. z o.o. (\u041e\u041e\u041e)<\/h2>\n\n\n\n<p><strong>Sp. z o.o. (\u041e\u041e\u041e)<\/strong>&nbsp;\u2014 \u044d\u0442\u043e \u043f\u043e\u043b\u044c\u0441\u043a\u0438\u0439 \u044d\u043a\u0432\u0438\u0432\u0430\u043b\u0435\u043d\u0442 \u043e\u0431\u0449\u0435\u0441\u0442\u0432\u0430 \u0441 \u043e\u0433\u0440\u0430\u043d\u0438\u0447\u0435\u043d\u043d\u043e\u0439 \u043e\u0442\u0432\u0435\u0442\u0441\u0442\u0432\u0435\u043d\u043d\u043e\u0441\u0442\u044c\u044e.<\/p>\n\n\n\n<h3 class=\"wp-block-heading\">\u041f\u0440\u0435\u0438\u043c\u0443\u0449\u0435\u0441\u0442\u0432\u0430:<\/h3>\n\n\n\n<ul class=\"wp-block-list\">\n<li>\u0441\u0442\u0430\u0442\u0443\u0441 \u044e\u0440\u0438\u0434\u0438\u0447\u0435\u0441\u043a\u043e\u0433\u043e \u043b\u0438\u0446\u0430<\/li>\n\n\n\n<li>\u043e\u0433\u0440\u0430\u043d\u0438\u0447\u0435\u043d\u043d\u0430\u044f \u043e\u0442\u0432\u0435\u0442\u0441\u0442\u0432\u0435\u043d\u043d\u043e\u0441\u0442\u044c<\/li>\n\n\n\n<li>\u043e\u0442\u043a\u0440\u044b\u0442\u0438\u0435 \u043e\u0434\u043d\u0438\u043c \u0438\u043b\u0438 \u043c\u043d\u043e\u0433\u0438\u043c\u0438 \u0443\u0447\u0440\u0435\u0434\u0438\u0442\u0435\u043b\u044f\u043c\u0438<\/li>\n\n\n\n<li>\u043f\u0440\u0438 \u043d\u0435\u043a\u043e\u0442\u043e\u0440\u044b\u0445 \u043e\u0431\u0441\u0442\u043e\u044f\u0442\u0435\u043b\u044c\u0441\u0442\u0432\u0430\u0445 \u043e\u0442\u0441\u0443\u0442\u0441\u0442\u0432\u0443\u0435\u0442 \u043d\u0435\u043e\u0431\u0445\u043e\u0434\u0438\u043c\u043e\u0441\u0442\u044c \u0432\u044b\u043f\u043b\u0430\u0442\u044b \u0441\u0442\u0440\u0430\u0445\u043e\u0432\u044b\u0445 \u0432\u0437\u043d\u043e\u0441\u043e\u0432<\/li>\n\n\n\n<li>\u0432\u043e\u0437\u043c\u043e\u0436\u043d\u043e\u0441\u0442\u044c \u043e\u043d\u043b\u0430\u0439\u043d \u0440\u0435\u0433\u0438\u0441\u0442\u0440\u0430\u0446\u0438\u0438<\/li>\n<\/ul>\n\n\n\n<figure class=\"wp-block-image\"><img decoding=\"async\" src=\"https:\/\/hello-poland.eu\/wp-content\/uploads\/2022\/07\/regist1-1.png\" alt=\"Sp. z o.o. (\u041e\u041e\u041e)\"\/><\/figure>\n\n\n\n<h2 class=\"wp-block-heading\">Jednoosobowa dzia\u0142alno\u015b\u0107 gospodarcza (\u0424\u041e\u041f)<\/h2>\n\n\n\n<p><strong>Jednoosobowa dzia\u0142alno\u015b\u0107 gospodarcza<\/strong>&nbsp;(\u0424\u041e\u041f) \u2014 \u044d\u0442\u043e \u043f\u043e\u043b\u044c\u0441\u043a\u0438\u0439 \u044d\u043a\u0432\u0438\u0432\u0430\u043b\u0435\u043d\u0442 \u0432\u0435\u0434\u0435\u043d\u0438\u044f \u0444\u0438\u0440\u043c\u044b \u043a\u0430\u043a \u0438\u043d\u0434\u0438\u0432\u0438\u0434\u0443\u0430\u043b\u044c\u043d\u044b\u0439 \u0447\u0430\u0441\u0442\u043d\u044b\u0439 \u043f\u0440\u0435\u0434\u043f\u0440\u0438\u043d\u0438\u043c\u0430\u0442\u0435\u043b\u044c.<\/p>\n\n\n\n<h3 class=\"wp-block-heading\">\u041f\u0440\u0435\u0438\u043c\u0443\u0449\u0435\u0441\u0442\u0432\u0430:<\/h3>\n\n\n\n<ul class=\"wp-block-list\">\n<li>\u041d\u0430\u043b\u043e\u0433\u043e\u0432\u044b\u0435 \u043b\u044c\u0433\u043e\u0442\u044b \u0432 \u043d\u0430\u0447\u0430\u043b\u0435 \u0434\u0435\u044f\u0442\u0435\u043b\u044c\u043d\u043e\u0441\u0442\u0438<\/li>\n\n\n\n<li>\u0420\u0430\u0441\u0445\u043e\u0434\u044b \u043d\u0430 \u0432\u0435\u0434\u0435\u043d\u0438\u0435 \u0431\u0438\u0437\u043d\u0435\u0441\u0430 \u0443\u043c\u0435\u043d\u044c\u0448\u0430\u044e\u0442 \u043d\u0430\u043b\u043e\u0433 \u043a \u0443\u043f\u043b\u0430\u0442\u0435<\/li>\n\n\n\n<li>\u0412\u043e\u0437\u043c\u043e\u0436\u043d\u043e\u0441\u0442\u044c \u0443\u043f\u043b\u0430\u0442\u044b \u0435\u0434\u0438\u043d\u043e\u0433\u043e \u043d\u0430\u043b\u043e\u0433\u0430 (19% \u043d\u0435\u0437\u0430\u0432\u0438\u0441\u0438\u043c\u043e \u043e\u0442 \u043f\u043e\u043b\u0443\u0447\u0435\u043d\u043d\u043e\u0433\u043e \u0434\u043e\u0445\u043e\u0434\u0430 \u0438\u043b\u0438 12% \u0434\u043e 120 \u0442\u044b\u0441. \u0437\u043b \u0438 32% \u043f\u043e\u0441\u043b\u0435 120 \u0442\u044b\u0441. \u0437\u043b + \u0444\u043e\u0440\u043c\u044b \u043d\u0430\u043b\u043e\u0433\u043e\u043e\u0431\u043b\u043e\u0436\u0435\u043d\u0438\u044f \u0434\u043b\u044f \u043d\u0435\u043a\u043e\u0442\u043e\u0440\u044b\u0445 \u0444\u043e\u0440\u043c \u0434\u0435\u044f\u0442\u0435\u043b\u044c\u043d\u043e\u0441\u0442\u0438 \u043f\u043e 8,5% \u0438 12%)<\/li>\n\n\n\n<li>\u0413\u0438\u0431\u043a\u0438\u0439 \u0433\u0440\u0430\u0444\u0438\u043a \u0440\u0430\u0431\u043e\u0442\u044b<\/li>\n\n\n\n<li>\u0417\u0430\u0440\u0430\u0431\u043e\u0442\u043e\u043a \u0431\u0435\u0437 \u0432\u0435\u0440\u0445\u043d\u0435\u0433\u043e \u043f\u0440\u0435\u0434\u0435\u043b\u0430<\/li>\n<\/ul>\n\n\n\n<figure class=\"wp-block-image\"><img decoding=\"async\" src=\"https:\/\/hello-poland.eu\/wp-content\/uploads\/2022\/07\/fop.png\" alt=\"Jednoosobowa dzia\u0142alno\u015b\u0107 gospodarcza (\u0424\u041e\u041f)\"\/><\/figure>\n\n\n\n<h2 class=\"wp-block-heading\">\u041a\u0430\u043a \u044d\u0442\u043e \u043f\u0440\u043e\u0438\u0441\u0445\u043e\u0434\u0438\u0442&nbsp;<strong>\u043d\u0430 \u043f\u0440\u0430\u043a\u0442\u0438\u043a\u0435:<\/strong><\/h2>\n\n\n\n<p>\u041a\u043e\u043d\u0442\u0430\u043a\u0442<\/p>\n\n\n\n<p>\u0421\u0432\u044f\u0436\u0438\u0442\u0435\u0441\u044c \u0441 \u043d\u0430\u043c\u0438 \u0438 \u0437\u0430\u043f\u043e\u043b\u043d\u0438\u0442\u0435 \u0410\u043d\u043a\u0435\u0442\u0443<\/p>\n\n\n\n<p>\u0410\u043d\u0430\u043b\u0438\u0437 \u0438 \u043e\u0444\u043e\u0440\u043c\u043b\u0435\u043d\u0438\u0435 \u042d\u0426\u041f<\/p>\n\n\n\n<p>\u041c\u044b \u0438\u0437\u0443\u0447\u0430\u0435\u043c \u0438 \u0430\u043d\u0430\u043b\u0438\u0437\u0438\u0440\u0443\u0435\u043c \u0434\u0430\u043d\u043d\u044b\u0435 \u0438\u0437 \u0412\u0430\u0448\u0435\u0439 \u0430\u043d\u043a\u0435\u0442\u044b. \u0418\u043d\u0438\u0446\u0438\u0438\u0440\u0443\u0435\u043c \u043f\u0440\u043e\u0446\u0435\u0434\u0443\u0440\u0443 \u043f\u043e\u043b\u0443\u0447\u0435\u043d\u0438\u044f \u043d\u0430\u043b\u043e\u0433\u043e\u0432\u043e\u0433\u043e \u043d\u043e\u043c\u0435\u0440\u0430 PESEL (\u0435\u0441\u043b\u0438 \u0435\u0433\u043e \u043d\u0435\u0442) \u0438 \u042d\u043b\u0435\u043a\u0442\u0440\u043e\u043d\u043d\u043e \u0426\u0438\u0444\u0440\u043e\u0432\u043e\u0439 \u043f\u043e\u0434\u043f\u0438\u0441\u0438 \u0434\u043b\u044f \u043a\u0430\u0436\u0434\u043e\u0433\u043e \u0438\u0437 \u0441\u043e\u0443\u0447\u0440\u0435\u0434\u0438\u0442\u0435\u043b\u0435\u0439 \u043a\u043e\u043c\u043f\u0430\u043d\u0438\u0438. \u0421\u0440\u043e\u043a 2-5 \u0434\u043d\u0435\u0439.<\/p>\n\n\n\n<p>\u041f\u043e\u0434\u0433\u043e\u0442\u043e\u0432\u0438\u0442\u0435\u043b\u044c\u043d\u044b\u0439 \u044d\u0442\u0430\u043f \u0438 \u041f\u043e\u0434\u0442\u0432\u0435\u0440\u0436\u0434\u0435\u043d\u0438\u0435<\/p>\n\n\n\n<p>\u041f\u043e\u0434\u0431\u043e\u0440 \u043a\u043e\u0434\u043e\u0432 \u041a\u0412\u042d\u0414\/PKD, \u0441\u043e\u0433\u043b\u0430\u0441\u043e\u0432\u0430\u043d\u0438\u0435 \u044e\u0440\u0438\u0434\u0438\u0447\u0435\u0441\u043a\u043e\u0433\u043e \u0430\u0434\u0440\u0435\u0441\u0430, \u0441\u043e\u043e\u0442\u043d\u043e\u0448\u0435\u043d\u0438\u0435 \u0434\u043e\u043b\u0435\u0439 \u0441\u043e\u0432\u043b\u0430\u0434\u0435\u043b\u044c\u0446\u0435\u0432 \u0432 \u0443\u0441\u0442\u0430\u0432\u043d\u043e\u043c \u043a\u0430\u043f\u0438\u0442\u0430\u043b\u0435, \u0432\u044b\u0431\u043e\u0440 \u0444\u043e\u0440\u043c\u044b \u043f\u0440\u0430\u0432\u043b\u0435\u043d\u0438\u044f \u043a\u043e\u043c\u043f\u0430\u043d\u0438\u0438. \u0414\u0430\u043b\u0435\u0435 \u041a\u043b\u0438\u0435\u043d\u0442 \u043f\u043e\u0434\u0442\u0432\u0435\u0440\u0436\u0434\u0430\u0435\u0442 \u043f\u0440\u0430\u0432\u0438\u043b\u044c\u043d\u043e\u0441\u0442\u044c \u0432\u0441\u0435\u0445 \u0434\u0430\u043d\u043d\u044b\u0445.<\/p>\n\n\n\n<p>\u041f\u043e\u0434\u0430\u0447\u0430 \u0445\u043e\u0434\u0430\u0442\u0430\u0439\u0441\u0442\u0432\u0430 \u0432 KRS<\/p>\n\n\n\n<p>\u041c\u044b \u0433\u043e\u0442\u043e\u0432\u0438\u043c \u0432\u0441\u0435 \u043d\u0435\u043e\u0431\u0445\u043e\u0434\u0438\u043c\u044b\u0435 \u0437\u0430\u044f\u0432\u043b\u0435\u043d\u0438\u044f \u0438 \u0445\u043e\u0434\u0430\u0442\u0430\u0439\u0441\u0442\u0432\u0430 \u0432 \u0441\u0443\u0434\u0435\u0431\u043d\u044b\u0439 \u0440\u0435\u0435\u0441\u0442\u0440 \u0434\u043b\u044f \u0440\u0435\u0433\u0438\u0441\u0442\u0440\u0430\u0446\u0438\u0438 \u043a\u043e\u043c\u043f\u0430\u043d\u0438\u0438 \u0438 \u043f\u043e\u0434\u043f\u0438\u0441\u044b\u0432\u0430\u0435\u043c \u0438\u0445 \u0441 \u043f\u043e\u043c\u043e\u0449\u044c\u044e \u042d\u0426\u041f. \u0423\u043f\u043b\u0430\u0447\u0438\u0432\u0430\u0435\u043c \u0433\u043e\u0441\u043f\u043e\u0448\u043b\u0438\u043d\u0443 \u0437\u0430 \u0432\u043d\u0435\u0441\u0435\u043d\u0438\u0435 \u043a\u043e\u043c\u043f\u0430\u043d\u0438\u0438 \u0432 \u0440\u0435\u0435\u0441\u0442\u0440. \u0412\u043d\u043e\u0441\u0438\u043c \u0434\u0430\u043d\u043d\u044b\u0435 \u0432 \u0426\u0420\u0411\u0420. \u041d\u0430 \u044d\u0442\u043e\u043c \u044d\u0442\u0430\u043f\u0435 \u0412\u044b \u043f\u043e\u043b\u0443\u0447\u0430\u0435\u0442\u0435 \u043d\u0430\u043b\u043e\u0433\u043e\u0432\u044b\u0439 \u043d\u043e\u043c\u0435\u0440 NIP \u0438 \u0441\u0442\u0430\u0442\u0438\u0441\u0442\u0438\u0447\u0435\u0441\u043a\u0438\u0439 \u043d\u043e\u043c\u0435\u0440 REGON. \u0421\u0440\u043e\u043a \u043e\u0442 24 \u0447\u0430\u0441\u043e\u0432 \u0434\u043e 7 \u0434\u043d\u0435\u0439.<\/p>\n\n\n\n<p>\u041e\u0442\u043a\u0440\u044b\u0442\u0438\u0435 \u0431\u0430\u043d\u043a\u043e\u0432\u0441\u043a\u043e\u0433\u043e \u0441\u0447\u0435\u0442\u0430<\/p>\n\n\n\n<p>\u041f\u043e\u0441\u043b\u0435 \u043f\u043e\u0434\u0442\u0432\u0435\u0440\u0436\u0434\u0435\u043d\u0438\u044f \u043e \u0440\u0435\u0433\u0438\u0441\u0442\u0440\u0430\u0446\u0438\u0438 \u043e\u0442\u043a\u0440\u044b\u0432\u0430\u0435\u043c \u0440\u0430\u0441\u0447\u0435\u0442\u043d\u044b\u0439 \u0441\u0447\u0435\u0442.<\/p>\n\n\n\n<p>\u041f\u043e\u0434\u043f\u0438\u0441\u044c \u0434\u043e\u043a\u0443\u043c\u0435\u043d\u0442\u043e\u0432 \u043d\u0430 \u0441\u043e\u0442\u0440\u0443\u0434\u043d\u0438\u0447\u0435\u0441\u0442\u0432\u043e<\/p>\n\n\n\n<p>\u0412\u044b \u043c\u043e\u0436\u0435\u0442\u0435 \u0437\u0430\u043a\u043b\u044e\u0447\u0438\u0442\u044c \u0434\u043e\u0433\u043e\u0432\u043e\u0440 \u043d\u0430 \u0431\u0443\u0445\u0433\u0430\u043b\u0442\u0435\u0440\u0441\u043a\u043e\u0435 \u0441\u043e\u043f\u0440\u043e\u0432\u043e\u0436\u0434\u0435\u043d\u0438\u0435, \u043e\u0442\u043a\u0440\u044b\u0442\u0438\u0435 \u0438 \u043e\u0431\u0441\u043b\u0443\u0436\u0438\u0432\u0430\u043d\u0438\u0435 \u044e\u0440\u0438\u0434\u0438\u0447\u0435\u0441\u043a\u043e\u0433\u043e \u0430\u0434\u0440\u0435\u0441\u0430, \u043a\u043e\u043d\u0441\u0430\u043b\u0442\u0438\u043d\u0433\u043e\u0432\u044b\u0435 \u0443\u0441\u043b\u0443\u0433\u0438.<\/p>\n\n\n\n<p><strong>\u041e\u0442\u043f\u0440\u0430\u0432\u0438\u0442\u044c \u0437\u0430\u044f\u0432\u043a\u0443<\/strong><\/p>\n\n\n\n<p>\u0422\u0430\u043a\u0436\u0435 \u0435\u0441\u0442\u044c \u0441\u043b\u0435\u0434\u0443\u044e\u0449\u0438\u0435 \u0432\u0430\u0440\u0438\u0430\u043d\u0442\u044b:<\/p>\n\n\n\n<h2 class=\"wp-block-heading\">\u0413\u043e\u0442\u043e\u0432\u0430\u044f \u043a\u043e\u043c\u043f\u0430\u043d\u0438\u044f \u0441 VAT \u043d\u043e\u043c\u0435\u0440\u043e\u043c<\/h2>\n\n\n\n<p><strong>\u0413\u043e\u0442\u043e\u0432\u0430\u044f \u043a\u043e\u043c\u043f\u0430\u043d\u0438\u044f \u0441 VAT \u043d\u043e\u043c\u0435\u0440\u043e\u043c<\/strong>&nbsp;\u2014 \u0432\u043e\u0437\u043c\u043e\u0436\u043d\u043e\u0441\u0442\u044c \u043f\u0440\u0438\u043e\u0431\u0440\u0435\u0441\u0442\u0438 \u0434\u0435\u0439\u0441\u0442\u0432\u0443\u044e\u0449\u0443\u044e \u0444\u0438\u0440\u043c\u0443.<\/p>\n\n\n\n<h3 class=\"wp-block-heading\">\u041f\u0440\u0435\u0438\u043c\u0443\u0449\u0435\u0441\u0442\u0432\u0430:<\/h3>\n\n\n\n<ul class=\"wp-block-list\">\n<li>\u0413\u043e\u0442\u043e\u0432\u043e\u0435 \u043a \u0440\u0430\u0431\u043e\u0442\u0435 \u043f\u0440\u0435\u0434\u043f\u0440\u0438\u044f\u0442\u0438\u0435\/\u0444\u0438\u0440\u043c\u0430;<\/li>\n\n\n\n<li>\u0414\u0435\u0439\u0441\u0442\u0432\u0443\u044e\u0449\u0438\u0439 \u0431\u0430\u043d\u043a\u043e\u0432\u0441\u043a\u0438\u0439 \u0441\u0447\u0435\u0442 \u0432 \u043d\u0430\u0446\u0438\u043e\u043d\u0430\u043b\u044c\u043d\u043e\u0439 \u0432\u0430\u043b\u044e\u0442\u0435 \u0438 \u0434\u043e\u043f\u043e\u043b\u043d\u0438\u0442\u0435\u043b\u044c\u043d\u043e \u0432 \u0438\u043d\u043e\u0441\u0442\u0440\u0430\u043d\u043d\u044b\u0445 \u0432\u0430\u043b\u044e\u0442\u0430\u0445;<\/li>\n\n\n\n<li>\u0423\u0441\u0442\u0430\u0432 \u043a\u043e\u043c\u043f\u0430\u043d\u0438\u0438 \u0438 \u0432\u044b\u043f\u0438\u0441\u043a\u0430 \u0438\u0437 \u0440\u0435\u0435\u0441\u0442\u0440\u0430 \u0432 \u044d\u043b\u0435\u043a\u0442\u0440\u043e\u043d\u043d\u043e\u043c \u0432\u0430\u0440\u0438\u0430\u043d\u0442\u0435;<\/li>\n\n\n\n<li>\u042e\u0440\u0438\u0434\u0438\u0447\u0435\u0441\u043a\u0438\u0439 \u0430\u0434\u0440\u0435\u0441 \u043a\u043e\u043c\u043f\u0430\u043d\u0438\u0438, \u043e\u043f\u043b\u0430\u0447\u0435\u043d\u043d\u044b\u0439 \u043d\u0430 1 \u0433\u043e\u0434, \u0441 \u0443\u0441\u043b\u0443\u0433\u043e\u0439 \u043f\u043e\u043b\u0443\u0447\u0435\u043d\u0438\u044f \u0438 \u043f\u0435\u0440\u0435\u0441\u044b\u043b\u043a\u0438 \u0441\u043a\u0430\u043d\u043e\u0432 \u043f\u043e\u0447\u0442\u043e\u0432\u043e\u0439 \u043a\u043e\u0440\u0440\u0435\u0441\u043f\u043e\u043d\u0434\u0435\u043d\u0446\u0438\u0438 \u043d\u0430 e-mail \u043a\u043b\u0438\u0435\u043d\u0442\u0430 (\u0442\u0430\u043a \u043d\u0430\u0437\u044b\u0432\u0430\u0435\u043c\u044b\u0439 \u00ab\u0432\u0438\u0440\u0442\u0443\u0430\u043b\u044c\u043d\u044b\u0439 \u043e\u0444\u0438\u0441\u00bb)<\/li>\n\n\n\n<li>\u0418\u0437\u0433\u043e\u0442\u043e\u0432\u043b\u0435\u043d\u0430\u044f \u043f\u0435\u0447\u0430\u0442\u044c.<\/li>\n<\/ul>\n\n\n\n<figure class=\"wp-block-image\"><img decoding=\"async\" src=\"https:\/\/hello-poland.eu\/wp-content\/uploads\/2022\/07\/vat-1.png\" alt=\"\u0413\u043e\u0442\u043e\u0432\u0430\u044f \u043a\u043e\u043c\u043f\u0430\u043d\u0438\u044f \u0441 VAT \u043d\u043e\u043c\u0435\u0440\u043e\u043c\"\/><\/figure>\n\n\n\n<p>\u0422\u0430\u043a\u0436\u0435 \u0435\u0441\u0442\u044c \u0441\u043b\u0435\u0434\u0443\u044e\u0449\u0438\u0435 \u0432\u0430\u0440\u0438\u0430\u043d\u0442\u044b:<\/p>\n\n\n\n<h2 class=\"wp-block-heading\">\u0411\u0438\u0437\u043d\u0435\u0441-\u0438\u043d\u043a\u0443\u0431\u0430\u0442\u043e\u0440<\/h2>\n\n\n\n<p>\u041f\u043e\u0434\u043e\u0439\u0434\u0435\u0442 \u0434\u043b\u044f IT-\u0441\u043f\u0435\u0446\u0438\u0430\u043b\u0438\u0441\u0442\u043e\u0432, \u0444\u0440\u0438\u043b\u0430\u043d\u0441\u0435\u0440\u043e\u0432 (\u0434\u0438\u0437\u0430\u0439\u043d\u0435\u0440\u043e\u0432, \u043c\u0430\u0440\u043a\u0435\u0442\u043e\u043b\u043e\u0433\u043e\u0432, \u043a\u043e\u043f\u0438\u0440\u0430\u0439\u0442\u0435\u0440\u043e\u0432, \u0444\u043e\u0442\u043e\u0433\u0440\u0430\u0444\u043e\u0432 \u0438 \u0442. \u0434.)<\/p>\n\n\n\n<p><a href=\"https:\/\/hello-poland.eu\/ru\/service\/bizness-inkubator\/\">\u041f\u043e\u0434\u0440\u043e\u0431\u043d\u0435\u0435 \u043e \u0411\u0438\u0437\u043d\u0435\u0441-\u0418\u043d\u043a\u0443\u0431\u0430\u0442\u043e\u0440\u0435<\/a><\/p>\n\n\n\n<figure class=\"wp-block-image\"><img decoding=\"async\" src=\"https:\/\/hello-poland.eu\/wp-content\/uploads\/2022\/07\/incubator1.png\" alt=\"\u0411\u0438\u0437\u043d\u0435\u0441-\u0438\u043d\u043a\u0443\u0431\u0430\u0442\u043e\u0440\"\/><\/figure>\n\n\n\n<h2 class=\"wp-block-heading\">\u0414\u043e\u043f\u043e\u043b\u043d\u0438\u0442\u0435\u043b\u044c\u043d\u044b\u0435&nbsp;<strong>\u0443\u0441\u043b\u0443\u0433\u0438<\/strong><\/h2>\n\n\n\n<p>\u0422\u0430\u043a\u0436\u0435 \u0412\u044b \u043f\u043e\u043b\u0443\u0447\u0438\u0442\u0435 \u043e\u043f\u0446\u0438\u043e\u043d\u0430\u043b\u044c\u043d\u043e \u0438\u043b\u0438 \u0434\u043e\u043f\u043e\u043b\u043d\u0438\u0442\u0435\u043b\u044c\u043d\u043e \u0441\u043b\u0435\u0434\u0443\u044e\u0449\u0438\u0435 \u0443\u0441\u043b\u0443\u0433\u0438:<\/p>\n\n\n\n<ul class=\"wp-block-list\">\n<li>\u043f\u043e\u043b\u0443\u0447\u0435\u043d\u0438\u0435 \u044d\u043b\u0435\u043a\u0442\u0440\u043e\u043d\u043d\u043e\u0439 \u043f\u043e\u0434\u043f\u0438\u0441\u0438 ePUAP<\/li>\n\n\n\n<li>\u044d\u043b\u0435\u043a\u0442\u0440\u043e\u043d\u043d\u044b\u0435 \u043a\u043b\u044e\u0447\u0438<\/li>\n\n\n\n<li>\u043e\u043f\u0440\u0435\u0434\u0435\u043b\u0435\u043d\u0438\u0435 \u0432\u0438\u0434\u043e\u0432 \u0434\u0435\u044f\u0442\u0435\u043b\u044c\u043d\u043e\u0441\u0442\u0438<\/li>\n\n\n\n<li>\u0441\u043e\u0441\u0442\u0430\u0432\u043b\u0435\u043d\u0438\u0435 \u0443\u0447\u0440\u0435\u0434\u0438\u0442\u0435\u043b\u044c\u043d\u043e\u0433\u043e \u0434\u043e\u0433\u043e\u0432\u043e\u0440\u0430<\/li>\n\n\n\n<li>\u044e\u0440\u0438\u0434\u0438\u0447\u0435\u0441\u043a\u0438\u0439 \u0430\u0434\u0440\u0435\u0441<\/li>\n\n\n\n<li>\u0440\u0435\u0433\u0438\u0441\u0442\u0440\u0430\u0446\u0438\u043e\u043d\u043d\u044b\u0439 \u043d\u043e\u043c\u0435\u0440 (KRS)<\/li>\n\n\n\n<li>\u0438\u0437\u043c\u0435\u043d\u0435\u043d\u0438\u044f \u0432 KRS<\/li>\n\n\n\n<li>\u043f\u0440\u0435\u0434\u0441\u0442\u0430\u0432\u043b\u0435\u043d\u0438\u0435 \u0438\u043d\u0444\u043e\u0440\u043c\u0430\u0446\u0438\u0438 \u043e \u0431\u0435\u043d\u0435\u0444\u0438\u0446\u0438\u0430\u0440\u0430\u0445<\/li>\n\n\n\n<li>\u0438\u0437\u0433\u043e\u0442\u043e\u0432\u043b\u0435\u043d\u0438\u0435 \u043f\u0435\u0447\u0430\u0442\u0438<\/li>\n\n\n\n<li>\u0442\u0430\u043c\u043e\u0436\u0435\u043d\u043d\u044b\u0439 \u043d\u043e\u043c\u0435\u0440 (EORI)<\/li>\n\n\n\n<li>\u043d\u043e\u043c\u0435\u0440 \u043f\u043b\u0430\u0442\u0435\u043b\u044c\u0449\u0438\u043a\u0430 \u041d\u0414\u0421 (VAT UE)<\/li>\n\n\n\n<li>\u043e\u0444\u043e\u0440\u043c\u043b\u0435\u043d\u0438\u0435 \u0432\u0438\u0437\u043e\u0432\u043e\u0433\u043e \u043f\u0440\u0438\u0433\u043b\u0430\u0448\u0435\u043d\u0438\u044f<\/li>\n\n\n\n<li>\u043b\u0438\u043a\u0432\u0438\u0434\u0430\u0446\u0438\u044f\/\u043f\u0440\u0435\u043a\u0440\u0430\u0449\u0435\u043d\u0438\u0435 \u0434\u0435\u044f\u0442\u0435\u043b\u044c\u043d\u043e\u0441\u0442\u0438 \u0444\u0438\u0440\u043c\u044b<\/li>\n\n\n\n<li>\u043e\u0442\u043a\u0440\u044b\u0442\u0438\u0435 \u0444\u0438\u0440\u043c\u044b \u0438 \u0441\u0447\u0435\u0442\u0430 \u0431\u0435\u0437 \u043b\u0438\u0447\u043d\u043e\u0433\u043e \u043f\u0440\u0438\u0441\u0443\u0442\u0441\u0442\u0432\u0438\u044f<\/li>\n\n\n\n<li>\u043a\u043e\u043c\u043f\u043b\u0435\u043a\u0441\u043d\u043e\u0435 \u0441\u043e\u043f\u0440\u043e\u0432\u043e\u0436\u0434\u0435\u043d\u0438\u0435 \u0432\u0430\u0448\u0435\u0433\u043e \u0431\u0438\u0437\u043d\u0435\u0441\u0430<\/li>\n<\/ul>\n","protected":false},"excerpt":{"rendered":"<p>\u041e\u0442\u043f\u0440\u0430\u0432\u0438\u0442\u044c \u0437\u0430\u044f\u0432\u043a\u0443 Sp. z o.o. (\u041e\u041e\u041e) Sp. z o.o. (\u041e\u041e\u041e)&nbsp;\u2014 \u044d\u0442\u043e \u043f\u043e\u043b\u044c\u0441\u043a\u0438\u0439 \u044d\u043a\u0432\u0438\u0432\u0430\u043b\u0435\u043d\u0442 \u043e\u0431\u0449\u0435\u0441\u0442\u0432\u0430 \u0441 [&hellip;]<\/p>\n","protected":false},"author":1,"featured_media":0,"parent":218,"menu_order":0,"comment_status":"closed","ping_status":"closed","template":"","meta":{"footnotes":""},"class_list":["post-226","page","type-page","status-publish","hentry"],"_links":{"self":[{"href":"https:\/\/anvi-group.com\/index.php?rest_route=\/wp\/v2\/pages\/226","targetHints":{"allow":["GET"]}}],"collection":[{"href":"https:\/\/anvi-group.com\/index.php?rest_route=\/wp\/v2\/pages"}],"about":[{"href":"https:\/\/anvi-group.com\/index.php?rest_route=\/wp\/v2\/types\/page"}],"author":[{"embeddable":true,"href":"https:\/\/anvi-group.com\/index.php?rest_route=\/wp\/v2\/users\/1"}],"replies":[{"embeddable":true,"href":"https:\/\/anvi-group.com\/index.php?rest_route=%2Fwp%2Fv2%2Fcomments&post=226"}],"version-history":[{"count":2,"href":"https:\/\/anvi-group.com\/index.php?rest_route=\/wp\/v2\/pages\/226\/revisions"}],"predecessor-version":[{"id":257,"href":"https:\/\/anvi-group.com\/index.php?rest_route=\/wp\/v2\/pages\/226\/revisions\/257"}],"up":[{"embeddable":true,"href":"https:\/\/anvi-group.com\/index.php?rest_route=\/wp\/v2\/pages\/218"}],"wp:attachment":[{"href":"https:\/\/anvi-group.com\/index.php?rest_route=%2Fwp%2Fv2%2Fmedia&parent=226"}],"curies":[{"name":"wp","href":"https:\/\/api.w.org\/{rel}","templated":true}]}}