{"id":224,"date":"2024-09-08T16:05:22","date_gmt":"2024-09-08T16:05:22","guid":{"rendered":"https:\/\/anvi-group.com\/?page_id=224"},"modified":"2024-09-26T19:44:21","modified_gmt":"2024-09-26T19:44:21","slug":"services","status":"publish","type":"page","link":"https:\/\/anvi-group.com\/?page_id=224","title":{"rendered":"Services"},"content":{"rendered":"\n<p>Service<\/p>\n\n\n\n<h2 class=\"wp-block-heading\"><a href=\"https:\/\/hello-poland.eu\/service\/reyestracziya-firmy-ta-fop\/\">Registration of company<br><strong>and sole proprietorship<\/strong><\/a><\/h2>\n\n\n\n<p><strong>Most often, our clients register Sp\u00f3\u0142ka z o.o. \u2013&nbsp;<\/strong><strong>limited liability partnership or JDG ( jednoosobowa dzia\u0142alno\u015b\u0107 gospodarcza) \u2013&nbsp; sole proprietorship.<\/strong><\/p>\n\n\n\n<p>There are many differences between them, for example, at the stage of creating a business or structure. Each of these legal forms of doing business has its own pros and cons, which you should pay attention to in order to choose the appropriate form for the development of your future company.<\/p>\n\n\n\n<p><a href=\"https:\/\/hello-poland.eu\/service\/reyestracziya-firmy-ta-fop\/\">Read more<\/a><\/p>\n\n\n\n<figure class=\"wp-block-image\"><a href=\"https:\/\/hello-poland.eu\/service\/reyestracziya-firmy-ta-fop\/\"><img decoding=\"async\" src=\"https:\/\/hello-poland.eu\/wp-content\/uploads\/2023\/12\/registacia.png\" alt=\"Registration of company and sole proprietorship\"\/><\/a><\/figure>\n\n\n\n<p>Service<\/p>\n\n\n\n<h2 class=\"wp-block-heading\"><a href=\"https:\/\/hello-poland.eu\/service\/biznes-inkubator\/\">Business-<strong>Incubator<\/strong><\/a><\/h2>\n\n\n\n<p><strong>This is a way to&nbsp;<\/strong><strong>run business legally in Poland without starting your own company.<\/strong><\/p>\n\n\n\n<p>The Business Incubator allows you to test business ideas in market conditions.<\/p>\n\n\n\n<p>It\u2019s quickest, cheapest and safest way to rule business without the need to register company.<\/p>\n\n\n\n<p><a href=\"https:\/\/hello-poland.eu\/service\/biznes-inkubator\/\">Read more<\/a><\/p>\n\n\n\n<figure class=\"wp-block-image\"><a href=\"https:\/\/hello-poland.eu\/service\/biznes-inkubator\/\"><img decoding=\"async\" src=\"https:\/\/hello-poland.eu\/wp-content\/uploads\/2022\/10\/incubator.png\" alt=\"Business-Incubator\"\/><\/a><\/figure>\n\n\n\n<p>Service<\/p>\n\n\n\n<h2 class=\"wp-block-heading\"><a href=\"https:\/\/hello-poland.eu\/service\/yurydychnyj-suprovid\/\">Legal&nbsp;<strong>support<\/strong><\/a><\/h2>\n\n\n\n<p><strong>Hello Poland provide full legal and accounting support.&nbsp;<\/strong><\/p>\n\n\n\n<p>After signing the contract, our specialists provide comprehensive support of the company\u2019s corporate activities, representation of the company\u2019s interests in state authorities, assistance with employment of employees, preparation and submission of documents, obtaining licenses and permits.<\/p>\n\n\n\n<p><a href=\"https:\/\/hello-poland.eu\/service\/yurydychnyj-suprovid\/\">Read more<\/a><\/p>\n\n\n\n<figure class=\"wp-block-image\"><a href=\"https:\/\/hello-poland.eu\/service\/yurydychnyj-suprovid\/\"><img decoding=\"async\" src=\"https:\/\/hello-poland.eu\/wp-content\/uploads\/2023\/12\/img_3184.png\" alt=\"Legal support\"\/><\/a><\/figure>\n\n\n\n<p>Service<\/p>\n\n\n\n<h2 class=\"wp-block-heading\"><a href=\"https:\/\/hello-poland.eu\/service\/dozvoly-ta-liczenziyi\/\">Permits and&nbsp;<strong>licenses<\/strong><\/a><\/h2>\n\n\n\n<p><strong>Licensing of&nbsp;<\/strong><strong>economic<\/strong><strong>&nbsp;activity is one of the key points related to legal<\/strong><strong>&nbsp;and<\/strong><strong>&nbsp;successful business in Europe, in particular in Poland.<\/strong><\/p>\n\n\n\n<p>Obtaining licenses and permits for conducting business in Poland is necessary, because it is controlled not only by the relevant state authorities, but also by counterparties and clients.<\/p>\n\n\n\n<p><a href=\"https:\/\/hello-poland.eu\/service\/dozvoly-ta-liczenziyi\/\">Read more<\/a><\/p>\n\n\n\n<figure class=\"wp-block-image\"><a href=\"https:\/\/hello-poland.eu\/service\/dozvoly-ta-liczenziyi\/\"><img decoding=\"async\" src=\"https:\/\/hello-poland.eu\/wp-content\/uploads\/2023\/12\/licanzii1.png\" alt=\"Permits and licenses\"\/><\/a><\/figure>\n\n\n\n<p>Service<\/p>\n\n\n\n<h2 class=\"wp-block-heading\"><a href=\"https:\/\/hello-poland.eu\/service\/buhgalterskyj-oblik\/\"><strong>Accounting<\/strong><\/a><\/h2>\n\n\n\n<p><strong>All forms of business in Poland available to foreigners require full accounting.<\/strong><\/p>\n\n\n\n<p>You can manage it yourself, hire an accountant, or entrust accounting and reporting to professional specialists.<\/p>\n\n\n\n<p>Our specialists help with such issues as: accounting, support of export-import operations, salary and human resources, financial analysis.<\/p>\n\n\n\n<p><a href=\"https:\/\/hello-poland.eu\/service\/buhgalterskyj-oblik\/\">Read more<\/a><\/p>\n\n\n\n<figure class=\"wp-block-image\"><a href=\"https:\/\/hello-poland.eu\/service\/buhgalterskyj-oblik\/\"><img decoding=\"async\" src=\"https:\/\/hello-poland.eu\/wp-content\/uploads\/2023\/12\/buhalter.png\" alt=\"Accounting\"\/><\/a><\/figure>\n\n\n\n<p>Service<\/p>\n\n\n\n<h2 class=\"wp-block-heading\"><a href=\"https:\/\/hello-poland.eu\/service\/platni-konsultacziyi\/\">Paid&nbsp;<strong>consultations<\/strong><\/a><\/h2>\n\n\n\n<p><strong>Just one consultation with an expert on conducting business and legalization in Poland can save your time and money in advance.<\/strong><\/p>\n\n\n\n<p><a href=\"https:\/\/hello-poland.eu\/service\/platni-konsultacziyi\/\">Read more<\/a><\/p>\n\n\n\n<figure class=\"wp-block-image\"><a href=\"https:\/\/hello-poland.eu\/service\/platni-konsultacziyi\/\"><img decoding=\"async\" src=\"https:\/\/hello-poland.eu\/wp-content\/uploads\/2023\/12\/consultant.png\" alt=\"Paid consultations\"\/><\/a><\/figure>\n\n\n\n<p>Service<\/p>\n\n\n\n<h2 class=\"wp-block-heading\"><a href=\"https:\/\/hello-poland.eu\/service\/karty-pobytu\/\">Residence&nbsp;<strong>permit<\/strong><\/a><\/h2>\n\n\n\n<p><strong>Karta pobytu (residence permit) is a document that identifies a foreigner, grants him a residence permit in Poland and allows him to legally stay in the country for more than 90 days.<\/strong><\/p>\n\n\n\n<p>There are the following grounds for obtaining residence permit:<\/p>\n\n\n\n<ul class=\"wp-block-list\">\n<li>official employment;<\/li>\n\n\n\n<li>study in Polish educational institutions;<\/li>\n\n\n\n<li>conducting business in Poland;<\/li>\n\n\n\n<li>citizenship of any of the European Union countries;<\/li>\n\n\n\n<li>reuniting with a family member.<\/li>\n<\/ul>\n\n\n\n<p><a href=\"https:\/\/hello-poland.eu\/service\/karty-pobytu\/\">Read more<\/a><\/p>\n\n\n\n<figure class=\"wp-block-image\"><a href=\"https:\/\/hello-poland.eu\/service\/karty-pobytu\/\"><img decoding=\"async\" src=\"https:\/\/hello-poland.eu\/wp-content\/uploads\/2023\/12\/karta.png\" alt=\"Residence  permit\"\/><\/a><\/figure>\n\n\n\n<p>Courses<\/p>\n\n\n\n<h2 class=\"wp-block-heading\"><a href=\"https:\/\/segin-roman.com\/\">Course \u201cEverything about&nbsp;<strong>business in Poland\u201d<\/strong><\/a><\/h2>\n\n\n\n<p><strong>Planning to start a business in Poland, but have a lot of questions?<\/strong><\/p>\n\n\n\n<p>I\u2019m Roman Segin. I have been helping foreigners to start and run a business in Poland for more than 7 years. And the course \u201cHow to start and run succesfully business in Poland\u201d is just for you.<\/p>\n\n\n\n<p>Get the opportunity to learn ALL ANSWERS to 150+ questions about business in Poland and start your own company.<\/p>\n\n\n\n<p><a href=\"https:\/\/segin-roman.com\/\">Read more<\/a><\/p>\n\n\n\n<figure class=\"wp-block-image\"><a href=\"https:\/\/segin-roman.com\/\"><img decoding=\"async\" src=\"https:\/\/hello-poland.eu\/wp-content\/uploads\/2023\/12\/kursy.png\" alt=\"Course \u201cEverything about business in Poland\u201d\"\/><\/a><\/figure>\n","protected":false},"excerpt":{"rendered":"<p>Service Registration of companyand sole proprietorship Most often, our clients register Sp\u00f3\u0142ka z o.o. \u2013&nbsp;limited [&hellip;]<\/p>\n","protected":false},"author":1,"featured_media":0,"parent":0,"menu_order":1,"comment_status":"closed","ping_status":"closed","template":"","meta":{"footnotes":""},"class_list":["post-224","page","type-page","status-publish","hentry"],"_links":{"self":[{"href":"https:\/\/anvi-group.com\/index.php?rest_route=\/wp\/v2\/pages\/224","targetHints":{"allow":["GET"]}}],"collection":[{"href":"https:\/\/anvi-group.com\/index.php?rest_route=\/wp\/v2\/pages"}],"about":[{"href":"https:\/\/anvi-group.com\/index.php?rest_route=\/wp\/v2\/types\/page"}],"author":[{"embeddable":true,"href":"https:\/\/anvi-group.com\/index.php?rest_route=\/wp\/v2\/users\/1"}],"replies":[{"embeddable":true,"href":"https:\/\/anvi-group.com\/index.php?rest_route=%2Fwp%2Fv2%2Fcomments&post=224"}],"version-history":[{"count":1,"href":"https:\/\/anvi-group.com\/index.php?rest_route=\/wp\/v2\/pages\/224\/revisions"}],"predecessor-version":[{"id":225,"href":"https:\/\/anvi-group.com\/index.php?rest_route=\/wp\/v2\/pages\/224\/revisions\/225"}],"wp:attachment":[{"href":"https:\/\/anvi-group.com\/index.php?rest_route=%2Fwp%2Fv2%2Fmedia&parent=224"}],"curies":[{"name":"wp","href":"https:\/\/api.w.org\/{rel}","templated":true}]}}