{"id":220,"date":"2024-09-08T16:01:47","date_gmt":"2024-09-08T16:01:47","guid":{"rendered":"https:\/\/anvi-group.com\/?page_id=220"},"modified":"2024-09-26T11:32:59","modified_gmt":"2024-09-26T11:32:59","slug":"%d0%bf%d0%be%d1%81%d0%bb%d1%83%d0%b3%d0%b8","status":"publish","type":"page","link":"https:\/\/anvi-group.com\/?page_id=220&lang=uk","title":{"rendered":"\u041f\u043e\u0441\u043b\u0443\u0433\u0438"},"content":{"rendered":"\n<p>\u041f\u043e\u0441\u043b\u0443\u0433\u0430<\/p>\n\n\n\n<h2 class=\"wp-block-heading\"><a href=\"https:\/\/hello-poland.eu\/service\/reyestracziya-firmy-ta-fop\/\">\u0420\u0435\u0454\u0441\u0442\u0440\u0430\u0446\u0456\u044f \u0444\u0456\u0440\u043c\u0438<br><strong>\u0442\u0430 \u0424\u041e\u041f<\/strong><\/a><\/h2>\n\n\n\n<p><strong>\u041d\u0430\u0439\u0447\u0430\u0441\u0442\u0456\u0448\u0435 \u043d\u0430\u0448\u0456 \u043a\u043b\u0456\u0454\u043d\u0442\u0438 \u0440\u0435\u0454\u0441\u0442\u0440\u0443\u044e\u0442\u044c&nbsp;<\/strong><strong>Sp\u00f3\u0142ka z o.o. \u2013 \u0430\u043d\u0430\u043b\u043e\u0433 \u0443\u043a\u0440\u0430\u0457\u043d\u0441\u044c\u043a\u043e\u0433\u043e \u0422\u041e\u0412 \u0430\u0431\u043e<\/strong><strong>&nbsp;JDG (<\/strong>&nbsp;<strong>jednoosobowa dzia\u0142alno\u015b\u0107 gospodarcza) \u2013 \u0430\u043d\u0430\u043b\u043e\u0433 \u0443\u043a\u0440\u0430\u0457\u043d\u0441\u044c\u043a\u043e\u0433\u043e \u0424\u041e\u041f.<\/strong><\/p>\n\n\n\n<p>\u041c\u0456\u0436 \u043d\u0438\u043c\u0438 \u0454 \u0431\u0430\u0433\u0430\u0442\u043e \u0432\u0456\u0434\u043c\u0456\u043d\u043d\u043e\u0441\u0442\u0435\u0439, \u043d\u0430\u043f\u0440\u0438\u043a\u043b\u0430\u0434, \u043d\u0430 \u0435\u0442\u0430\u043f\u0456 \u0441\u0442\u0432\u043e\u0440\u0435\u043d\u043d\u044f \u0431\u0456\u0437\u043d\u0435\u0441\u0443 \u0447\u0438 \u0441\u0442\u0440\u0443\u043a\u0442\u0443\u0440\u0438.&nbsp;\u041a\u043e\u0436\u043d\u0430 \u0437 \u0446\u0438\u0445 \u043f\u0440\u0430\u0432\u043e\u0432\u0438\u0445 \u0444\u043e\u0440\u043c \u0432\u0435\u0434\u0435\u043d\u043d\u044f \u0431\u0456\u0437\u043d\u0435\u0441\u0443 \u043c\u0430\u0454 \u0441\u0432\u043e\u0457 \u043f\u0435\u0440\u0435\u0432\u0430\u0433\u0438 \u0442\u0430 \u043d\u0435\u0434\u043e\u043b\u0456\u043a\u0438, \u043d\u0430 \u044f\u043a\u0456 \u0432\u0430\u0440\u0442\u043e \u0437\u0432\u0435\u0440\u043d\u0443\u0442\u0438 \u0443\u0432\u0430\u0433\u0443, \u0449\u043e\u0431 \u043f\u0456\u0434\u0456\u0431\u0440\u0430\u0442\u0438 \u0432\u0456\u0434\u043f\u043e\u0432\u0456\u0434\u043d\u0443 \u0444\u043e\u0440\u043c\u0443 \u0434\u043b\u044f \u0440\u043e\u0437\u0432\u0438\u0442\u043a\u0443 \u0412\u0430\u0448\u043e\u0457 \u043c\u0430\u0439\u0431\u0443\u0442\u043d\u044c\u043e\u0457 \u043a\u043e\u043c\u043f\u0430\u043d\u0456\u0457.<\/p>\n\n\n\n<p><a href=\"https:\/\/hello-poland.eu\/service\/reyestracziya-firmy-ta-fop\/\">\u0414\u0435\u0442\u0430\u043b\u044c\u043d\u0456\u0448\u0435<\/a><\/p>\n\n\n\n<figure class=\"wp-block-image\"><a href=\"https:\/\/hello-poland.eu\/service\/reyestracziya-firmy-ta-fop\/\"><img decoding=\"async\" src=\"https:\/\/hello-poland.eu\/wp-content\/uploads\/2023\/12\/registacia.png\" alt=\"\u0420\u0435\u0454\u0441\u0442\u0440\u0430\u0446\u0456\u044f \u0444\u0456\u0440\u043c\u0438 \u0442\u0430 \u0424\u041e\u041f\"\/><\/a><\/figure>\n\n\n\n<p>\u041f\u043e\u0441\u043b\u0443\u0433\u0430<\/p>\n\n\n\n<h2 class=\"wp-block-heading\"><a href=\"https:\/\/hello-poland.eu\/service\/biznes-inkubator\/\">\u0411\u0456\u0437\u043d\u0435\u0441-<strong>\u0456\u043d\u043a\u0443\u0431\u0430\u0442\u043e\u0440<\/strong><\/a><\/h2>\n\n\n\n<p><strong>\u0426\u0435 \u0441\u043f\u043e\u0441\u0456\u0431 \u0432\u0435\u0441\u0442\u0438 \u043b\u0435\u0433\u0430\u043b\u044c\u043d\u043e \u0431\u0456\u0437\u043d\u0435\u0441 \u0432 \u041f\u043e\u043b\u044c\u0449\u0456 \u0431\u0435\u0437 \u0432\u0456\u0434\u043a\u0440\u0438\u0442\u0442\u044f \u0432\u043b\u0430\u0441\u043d\u043e\u0457 \u043a\u043e\u043c\u043f\u0430\u043d\u0456\u0457.<\/strong><\/p>\n\n\n\n<p>\u0411\u0456\u0437\u043d\u0435\u0441-\u0406\u043d\u043a\u0443\u0431\u0430\u0442\u043e\u0440 \u0434\u043e\u0437\u0432\u043e\u043b\u044f\u0454 \u043f\u0435\u0440\u0435\u0432\u0456\u0440\u044f\u0442\u0438 \u0431\u0456\u0437\u043d\u0435\u0441-\u0456\u0434\u0435\u0457 \u0432 \u0440\u0438\u043d\u043a\u043e\u0432\u0438\u0445 \u0443\u043c\u043e\u0432\u0430\u0445.<br>\u0426\u0435 \u043d\u0430\u0439\u0448\u0432\u0438\u0434\u0448\u0438\u0439, \u043d\u0430\u0439\u0434\u0435\u0448\u0435\u0432\u0448\u0438\u0439, \u043d\u0430\u0439\u043c\u0435\u043d\u0448\u0435 \u0440\u0438\u0437\u0438\u043a\u043e\u0432\u0430\u043d\u0438\u0439 \u0441\u043f\u043e\u0441\u0456\u0431 \u043a\u0435\u0440\u0443\u0432\u0430\u0442\u0438 \u0431\u0456\u0437\u043d\u0435\u0441\u043e\u043c \u0431\u0435\u0437 \u043d\u0435\u043e\u0431\u0445\u0456\u0434\u043d\u043e\u0441\u0442\u0456 \u0440\u0435\u0454\u0441\u0442\u0440\u0430\u0446\u0456\u0457 \u043a\u043e\u043c\u043f\u0430\u043d\u0456\u0457.<\/p>\n\n\n\n<p><a href=\"https:\/\/hello-poland.eu\/service\/biznes-inkubator\/\">\u0414\u0435\u0442\u0430\u043b\u044c\u043d\u0456\u0448\u0435<\/a><\/p>\n\n\n\n<figure class=\"wp-block-image\"><a href=\"https:\/\/hello-poland.eu\/service\/biznes-inkubator\/\"><img decoding=\"async\" src=\"https:\/\/hello-poland.eu\/wp-content\/uploads\/2022\/10\/incubator.png\" alt=\"\u0411\u0456\u0437\u043d\u0435\u0441-\u0456\u043d\u043a\u0443\u0431\u0430\u0442\u043e\u0440\"\/><\/a><\/figure>\n\n\n\n<p>\u041f\u043e\u0441\u043b\u0443\u0433\u0430<\/p>\n\n\n\n<h2 class=\"wp-block-heading\"><a href=\"https:\/\/hello-poland.eu\/service\/yurydychnyj-suprovid\/\">\u042e\u0440\u0438\u0434\u0438\u0447\u043d\u0438\u0439&nbsp;<strong>\u0441\u0443\u043f\u0440\u043e\u0432\u0456\u0434<\/strong><\/a><\/h2>\n\n\n\n<p><strong>\u041a\u043e\u043c\u043f\u0430\u043d\u0456\u044f Hello Poland \u043d\u0430\u0434\u0430\u0454 \u044e\u0440\u0438\u0434\u0438\u0447\u043d\u0438\u0439 \u0442\u0430 \u0431\u0443\u0445\u0433\u0430\u043b\u0442\u0435\u0440\u0441\u044c\u043a\u0438\u0439 \u0441\u0443\u043f\u0440\u043e\u0432\u0456\u0434.&nbsp;<\/strong><\/p>\n\n\n\n<p>\u041f\u0456\u0441\u043b\u044f \u043f\u0456\u0434\u043f\u0438\u0441\u0430\u043d\u043d\u044f \u0434\u043e\u0433\u043e\u0432\u043e\u0440\u0443 \u043d\u0430\u0448\u0456 \u0441\u043f\u0435\u0446\u0456\u0430\u043b\u0456\u0441\u0442\u0438 \u043d\u0430\u0434\u0430\u044e\u0442\u044c \u043a\u043e\u043c\u043f\u043b\u0435\u043a\u0441\u043d\u0438\u0439 \u0441\u0443\u043f\u0440\u043e\u0432\u0456\u0434 \u043a\u043e\u0440\u043f\u043e\u0440\u0430\u0442\u0438\u0432\u043d\u043e\u0457 \u0434\u0456\u044f\u043b\u044c\u043d\u043e\u0441\u0442\u0456 \u043a\u043e\u043c\u043f\u0430\u043d\u0456\u0457, \u043f\u0440\u0435\u0434\u0441\u0442\u0430\u0432\u043b\u0435\u043d\u043d\u044f \u0456\u043d\u0442\u0435\u0440\u0435\u0441\u0456\u0432 \u043a\u043e\u043c\u043f\u0430\u043d\u0456\u0457 \u0432 \u043e\u0440\u0433\u0430\u043d\u0430\u0445 \u0434\u0435\u0440\u0436\u0430\u0432\u043d\u043e\u0457 \u0432\u043b\u0430\u0434\u0438, \u0434\u043e\u043f\u043e\u043c\u043e\u0433\u0443 \u0437 \u043f\u0440\u0430\u0446\u0435\u0432\u043b\u0430\u0448\u0442\u0443\u0432\u0430\u043d\u043d\u044f\u043c \u0441\u043f\u0456\u0432\u0440\u043e\u0431\u0456\u0442\u043d\u0438\u043a\u0456\u0432, \u043f\u0456\u0434\u0433\u043e\u0442\u043e\u0432\u043a\u0443 \u0442\u0430 \u043f\u043e\u0434\u0430\u0447\u0443 \u0434\u043e\u043a\u0443\u043c\u0435\u043d\u0442\u0456\u0432, \u043e\u0442\u0440\u0438\u043c\u0430\u043d\u043d\u044f \u043b\u0456\u0446\u0435\u043d\u0437\u0456\u0439 \u0442\u0430 \u0434\u043e\u0437\u0432\u043e\u043b\u0456\u0432.<\/p>\n\n\n\n<p><a href=\"https:\/\/hello-poland.eu\/service\/yurydychnyj-suprovid\/\">\u0414\u0435\u0442\u0430\u043b\u044c\u043d\u0456\u0448\u0435<\/a><\/p>\n\n\n\n<figure class=\"wp-block-image\"><a href=\"https:\/\/hello-poland.eu\/service\/yurydychnyj-suprovid\/\"><img decoding=\"async\" src=\"https:\/\/hello-poland.eu\/wp-content\/uploads\/2023\/12\/img_3184.png\" alt=\"\u042e\u0440\u0438\u0434\u0438\u0447\u043d\u0438\u0439 \u0441\u0443\u043f\u0440\u043e\u0432\u0456\u0434\"\/><\/a><\/figure>\n\n\n\n<p>\u041f\u043e\u0441\u043b\u0443\u0433\u0430<\/p>\n\n\n\n<h2 class=\"wp-block-heading\"><a href=\"https:\/\/hello-poland.eu\/service\/dozvoly-ta-liczenziyi\/\">\u0414\u043e\u0437\u0432\u043e\u043b\u0438 \u0456&nbsp;<strong>\u043b\u0456\u0446\u0435\u043d\u0437\u0456\u0457<\/strong><\/a><\/h2>\n\n\n\n<p><strong>\u041b\u0456\u0446\u0435\u043d\u0437\u0443\u0432\u0430\u043d\u043d\u044f \u0433\u043e\u0441\u043f\u043e\u0434\u0430\u0440\u0441\u044c\u043a\u043e\u0457 \u0434\u0456\u044f\u043b\u044c\u043d\u043e\u0441\u0442\u0456 \u2013 \u0446\u0435 \u043e\u0434\u0438\u043d \u0456\u0437 \u043a\u043b\u044e\u0447\u043e\u0432\u0438\u0445 \u043c\u043e\u043c\u0435\u043d\u0442\u0456\u0432, \u0449\u043e \u0441\u0442\u043e\u0441\u0443\u0454\u0442\u044c\u0441\u044f \u043b\u0435\u0433\u0430\u043b\u044c\u043d\u043e\u0433\u043e, \u0443\u0441\u043f\u0456\u0448\u043d\u043e\u0433\u043e \u0442\u0430 \u0432\u0434\u0430\u043b\u043e\u0433\u043e \u0432\u0435\u0434\u0435\u043d\u043d\u044f \u0431\u0456\u0437\u043d\u0435\u0441\u0443 \u0432 \u0404\u0432\u0440\u043e\u043f\u0456, \u0437\u043e\u043a\u0440\u0435\u043c\u0430 \u0443 \u041f\u043e\u043b\u044c\u0449\u0456.<\/strong><\/p>\n\n\n\n<p>\u041e\u0442\u0440\u0438\u043c\u0430\u043d\u043d\u044f \u043b\u0456\u0446\u0435\u043d\u0437\u0456\u0439 \u0442\u0430 \u0434\u043e\u0437\u0432\u043e\u043b\u0456\u0432 \u043d\u0430 \u0432\u0435\u0434\u0435\u043d\u043d\u044f \u043f\u0456\u0434\u043f\u0440\u0438\u0454\u043c\u043d\u0438\u0446\u044c\u043a\u043e\u0457 \u0434\u0456\u044f\u043b\u044c\u043d\u043e\u0441\u0442\u0456 \u0443 \u041f\u043e\u043b\u044c\u0449\u0456 \u043d\u0435\u043e\u0431\u0445\u0456\u0434\u043d\u0435, \u0430\u0434\u0436\u0435 \u043a\u043e\u043d\u0442\u0440\u043e\u043b\u044e\u0454\u0442\u044c\u0441\u044f \u043d\u0435 \u043b\u0438\u0448\u0435 \u0432\u0456\u0434\u043f\u043e\u0432\u0456\u0434\u043d\u0438\u043c\u0438 \u0434\u0435\u0440\u0436\u0430\u0432\u043d\u0438\u043c\u0438 \u043e\u0440\u0433\u0430\u043d\u0430\u043c\u0438, \u0430 \u0439 \u043a\u043e\u043d\u0442\u0440\u0430\u0433\u0435\u043d\u0442\u0430\u043c\u0438 \u0442\u0430 \u043a\u043b\u0456\u0454\u043d\u0442\u0430\u043c\u0438.<\/p>\n\n\n\n<p><a href=\"https:\/\/hello-poland.eu\/service\/dozvoly-ta-liczenziyi\/\">\u0414\u0435\u0442\u0430\u043b\u044c\u043d\u0456\u0448\u0435<\/a><\/p>\n\n\n\n<figure class=\"wp-block-image\"><a href=\"https:\/\/hello-poland.eu\/service\/dozvoly-ta-liczenziyi\/\"><img decoding=\"async\" src=\"https:\/\/hello-poland.eu\/wp-content\/uploads\/2023\/12\/licanzii1.png\" alt=\"\u0414\u043e\u0437\u0432\u043e\u043b\u0438 \u0456 \u043b\u0456\u0446\u0435\u043d\u0437\u0456\u0457\"\/><\/a><\/figure>\n\n\n\n<p>\u041f\u043e\u0441\u043b\u0443\u0433\u0430<\/p>\n\n\n\n<h2 class=\"wp-block-heading\"><a href=\"https:\/\/hello-poland.eu\/service\/buhgalterskyj-oblik\/\">\u0411\u0443\u0445\u0433\u0430\u043b\u0442\u0435\u0440\u0441\u044c\u043a\u0438\u0439&nbsp;<strong>\u043e\u0431\u043b\u0456\u043a<\/strong><\/a><\/h2>\n\n\n\n<p><strong>\u0412\u0441\u0456 \u0434\u043e\u0441\u0442\u0443\u043f\u043d\u0456 \u0456\u043d\u043e\u0437\u0435\u043c\u0446\u044f\u043c \u0444\u043e\u0440\u043c\u0438 \u0432\u0435\u0434\u0435\u043d\u043d\u044f \u0431\u0456\u0437\u043d\u0435\u0441\u0443 \u0432 \u041f\u043e\u043b\u044c\u0449\u0456 \u0437\u043e\u0431\u043e\u0432\u2019\u044f\u0437\u0443\u044e\u0442\u044c \u0432\u0435\u0441\u0442\u0438 \u043f\u043e\u0432\u043d\u0438\u0439 \u0431\u0443\u0445. \u043e\u0431\u043b\u0456\u043a.<\/strong><\/p>\n\n\n\n<p>\u0412\u0438 \u043c\u043e\u0436\u0435\u0442\u0435 \u0432\u0435\u0441\u0442\u0438 \u0439\u043e\u0433\u043e \u0441\u0430\u043c\u0456, \u043d\u0430\u0439\u043d\u044f\u0442\u0438 \u043d\u0430 \u0440\u043e\u0431\u043e\u0442\u0443 \u0431\u0443\u0445\u0433\u0430\u043b\u0442\u0435\u0440\u0430 \u0430\u0431\u043e \u0434\u043e\u0440\u0443\u0447\u0438\u0442\u0438 \u0432\u0435\u0434\u0435\u043d\u043d\u044f \u0431\u0443\u0445\u0433\u0430\u043b\u0442\u0435\u0440\u0456\u0457 \u0442\u0430 \u043f\u043e\u0434\u0430\u0447\u0456 \u0437\u0432\u0456\u0442\u043d\u043e\u0441\u0442\u0456 \u043f\u0440\u043e\u0444\u0435\u0441\u0456\u0439\u043d\u0438\u043c \u0444\u0430\u0445\u0456\u0432\u0446\u044f\u043c \u043d\u0430 \u0430\u0443\u0442\u0441\u043e\u0440\u0441\u0456.<\/p>\n\n\n\n<p>\u041d\u0430\u0448\u0456 \u0441\u043f\u0435\u0446\u0456\u0430\u043b\u0456\u0441\u0442\u0438 \u0434\u043e\u043f\u043e\u043c\u0430\u0433\u0430\u044e\u0442\u044c \u0437 \u0442\u0430\u043a\u0438\u043c\u0438 \u043f\u0438\u0442\u0430\u043d\u043d\u044f\u043c\u0438 \u044f\u043a: \u0431\u0443\u0445\u0433\u0430\u043b\u0442\u0435\u0440\u0441\u044c\u043a\u0438\u0439 \u043e\u0431\u043b\u0456\u043a, \u0441\u0443\u043f\u0440\u043e\u0432\u0456\u0434 \u0435\u043a\u0441\u043f\u043e\u0440\u0442\u043d\u043e-\u0456\u043c\u043f\u043e\u0440\u0442\u043d\u0438\u0445 \u043e\u043f\u0435\u0440\u0430\u0446\u0456\u0439, \u0437\u0430\u0440\u043f\u043b\u0430\u0442\u0430 \u0442\u0430 \u043a\u0430\u0434\u0440\u0438, \u0444\u0456\u043d\u0430\u043d\u0441\u043e\u0432\u0438\u0439 \u0430\u043d\u0430\u043b\u0456\u0437.<\/p>\n\n\n\n<p><a href=\"https:\/\/hello-poland.eu\/service\/buhgalterskyj-oblik\/\">\u0414\u0435\u0442\u0430\u043b\u044c\u043d\u0456\u0448\u0435<\/a><\/p>\n\n\n\n<figure class=\"wp-block-image\"><a href=\"https:\/\/hello-poland.eu\/service\/buhgalterskyj-oblik\/\"><img decoding=\"async\" src=\"https:\/\/hello-poland.eu\/wp-content\/uploads\/2023\/12\/buhalter.png\" alt=\"\u0411\u0443\u0445\u0433\u0430\u043b\u0442\u0435\u0440\u0441\u044c\u043a\u0438\u0439 \u043e\u0431\u043b\u0456\u043a\"\/><\/a><\/figure>\n\n\n\n<p>\u041f\u043e\u0441\u043b\u0443\u0433\u0430<\/p>\n\n\n\n<h2 class=\"wp-block-heading\"><a href=\"https:\/\/hello-poland.eu\/service\/platni-konsultacziyi\/\">\u041f\u043b\u0430\u0442\u043d\u0456&nbsp;<strong>\u043a\u043e\u043d\u0441\u0443\u043b\u044c\u0442\u0430\u0446\u0456\u0457<\/strong><\/a><\/h2>\n\n\n\n<p><strong>\u041b\u0438\u0448\u0435 \u043e\u0434\u043d\u0430 \u043a\u043e\u043d\u0441\u0443\u043b\u044c\u0442\u0430\u0446\u0456\u044f \u0437 \u0435\u043a\u0441\u043f\u0435\u0440\u0442\u043e\u043c \u0437 \u043f\u0438\u0442\u0430\u043d\u044c \u0432\u0435\u0434\u0435\u043d\u043d\u044f \u0431\u0456\u0437\u043d\u0435\u0441\u0443 \u0442\u0430 \u043b\u0435\u0433\u0430\u043b\u0456\u0437\u0430\u0446\u0456\u0457 \u0432 \u041f\u043e\u043b\u044c\u0449\u0456 \u043c\u043e\u0436\u0435 \u0437\u0430\u043e\u0449\u0430\u0434\u0438\u0442\u0438 \u0412\u0430\u043c \u0432\u0435\u043b\u0438\u043a\u0443 \u043a\u0456\u043b\u044c\u043a\u0456\u0441\u0442\u044c \u0447\u0430\u0441\u0443, \u043d\u0435\u0440\u0432\u0456\u0432 \u0442\u0430 \u0433\u0440\u043e\u0448\u0435\u0439 \u043d\u0430\u0434\u0430\u043b\u0456.<\/strong><\/p>\n\n\n\n<p><a href=\"https:\/\/hello-poland.eu\/service\/platni-konsultacziyi\/\">\u0414\u0435\u0442\u0430\u043b\u044c\u043d\u0456\u0448\u0435<\/a><\/p>\n\n\n\n<figure class=\"wp-block-image\"><a href=\"https:\/\/hello-poland.eu\/service\/platni-konsultacziyi\/\"><img decoding=\"async\" src=\"https:\/\/hello-poland.eu\/wp-content\/uploads\/2023\/12\/consultant.png\" alt=\"\u041f\u043b\u0430\u0442\u043d\u0456 \u043a\u043e\u043d\u0441\u0443\u043b\u044c\u0442\u0430\u0446\u0456\u0457\"\/><\/a><\/figure>\n\n\n\n<p>\u041f\u043e\u0441\u043b\u0443\u0433\u0430<\/p>\n\n\n\n<h2 class=\"wp-block-heading\"><a href=\"https:\/\/hello-poland.eu\/service\/karty-pobytu\/\">\u041a\u0430\u0440\u0442\u0430&nbsp;<strong>\u043f\u043e\u0431\u0438\u0442\u0443<\/strong><\/a><\/h2>\n\n\n\n<p><strong>\u041a\u0430\u0440\u0442\u0430 \u043f\u043e\u0431\u0438\u0442\u0443 \u2013 \u0446\u0435 \u0434\u043e\u043a\u0443\u043c\u0435\u043d\u0442, \u044f\u043a\u0438\u0439 \u0456\u0434\u0435\u043d\u0442\u0438\u0444\u0456\u043a\u0443\u0454 \u043e\u0441\u043e\u0431\u0443 \u0456\u043d\u043e\u0437\u0435\u043c\u0446\u044f, \u043d\u0430\u0434\u0430\u0454 \u0439\u043e\u043c\u0443 \u0434\u043e\u0437\u0432\u0456\u043b \u043d\u0430 \u043f\u0440\u043e\u0436\u0438\u0432\u0430\u043d\u043d\u044f \u0432 \u041f\u043e\u043b\u044c\u0449\u0456 \u0442\u0430 \u0434\u043e\u0437\u0432\u043e\u043b\u044f\u0454 \u043b\u0435\u0433\u0430\u043b\u044c\u043d\u043e \u0442\u0430 \u0437\u0430\u043a\u043e\u043d\u043d\u043e \u043f\u0435\u0440\u0435\u0431\u0443\u0432\u0430\u0442\u0438 \u0432 \u043a\u0440\u0430\u0457\u043d\u0456 \u0431\u0456\u043b\u044c\u0448\u0435 \u043d\u0456\u0436 90 \u0434\u043d\u0456\u0432.<\/strong><\/p>\n\n\n\n<p>\u0406\u0441\u043d\u0443\u044e\u0442\u044c \u043d\u0430\u0441\u0442\u0443\u043f\u043d\u0456 \u043f\u0456\u0434\u0441\u0442\u0430\u0432\u0438 \u0434\u043b\u044f \u043e\u0442\u0440\u0438\u043c\u0430\u043d\u043d\u044f \u041a\u0430\u0440\u0442\u0438 \u043f\u043e\u0431\u0438\u0442\u0443:<\/p>\n\n\n\n<ul class=\"wp-block-list\">\n<li>\u043e\u0444\u0456\u0446\u0456\u0439\u043d\u0435 \u043f\u0440\u0430\u0446\u0435\u0432\u043b\u0430\u0448\u0442\u0443\u0432\u0430\u043d\u043d\u044f;<\/li>\n\n\n\n<li>\u043d\u0430\u0432\u0447\u0430\u043d\u043d\u044f \u0443 \u043f\u043e\u043b\u044c\u0441\u044c\u043a\u0438\u0445 \u043d\u0430\u0432\u0447\u0430\u043b\u044c\u043d\u0438\u0445 \u0437\u0430\u043a\u043b\u0430\u0434\u0430\u0445;<\/li>\n\n\n\n<li>\u0432\u0435\u0434\u0435\u043d\u043d\u044f \u0441\u0432\u043e\u0433\u043e \u0431\u0456\u0437\u043d\u0435\u0441\u0443 \u043d\u0430 \u0442\u0435\u0440\u0438\u0442\u043e\u0440\u0456\u0457 \u041f\u043e\u043b\u044c\u0449\u0456;<\/li>\n\n\n\n<li>\u0433\u0440\u043e\u043c\u0430\u0434\u044f\u043d\u0441\u0442\u0432\u043e \u0431\u0443\u0434\u044c-\u044f\u043a\u043e\u0457 \u0437 \u043a\u0440\u0430\u0457\u043d \u0404\u0432\u0440\u043e\u0441\u043e\u044e\u0437\u0443;<\/li>\n\n\n\n<li>\u0432\u043e\u0437\u0437\u2019\u0454\u0434\u043d\u0430\u043d\u043d\u044f \u0437 \u0447\u043b\u0435\u043d\u043e\u043c \u0441\u0456\u043c\u2019\u0457.<\/li>\n<\/ul>\n\n\n\n<p><a href=\"https:\/\/hello-poland.eu\/service\/karty-pobytu\/\">\u0414\u0435\u0442\u0430\u043b\u044c\u043d\u0456\u0448\u0435<\/a><\/p>\n\n\n\n<figure class=\"wp-block-image\"><a href=\"https:\/\/hello-poland.eu\/service\/karty-pobytu\/\"><img decoding=\"async\" src=\"https:\/\/hello-poland.eu\/wp-content\/uploads\/2023\/12\/karta.png\" alt=\"\u041a\u0430\u0440\u0442\u0430  \u043f\u043e\u0431\u0438\u0442\u0443\"\/><\/a><\/figure>\n\n\n\n<p>\u041d\u0430\u0432\u0447\u0430\u043d\u043d\u044f<\/p>\n\n\n\n<h2 class=\"wp-block-heading\"><a href=\"https:\/\/segin-roman.com\/\">\u041a\u0443\u0440\u0441 \u201c\u0412\u0441\u0435 \u043f\u0440\u043e&nbsp;<strong>\u0431\u0456\u0437\u043d\u0435\u0441 \u0432 \u041f\u043e\u043b\u044c\u0449\u0456\u201d<\/strong><\/a><\/h2>\n\n\n\n<p><strong>\u041f\u043b\u0430\u043d\u0443\u0454\u0442\u0435 \u0441\u0430\u043c\u043e\u0441\u0442\u0456\u0439\u043d\u043e \u0432\u0456\u0434\u043a\u0440\u0438\u0432\u0430\u0442\u0438 \u0431\u0456\u0437\u043d\u0435\u0441 \u0432 \u041f\u043e\u043b\u044c\u0449\u0456, \u0430\u043b\u0435 \u043c\u0430\u0454\u0442\u0435 \u0431\u0430\u0433\u0430\u0442\u043e \u043f\u0438\u0442\u0430\u043d\u044c?<\/strong><\/p>\n\n\n\n<p>\u041c\u0435\u043d\u0435 \u0437\u0432\u0430\u0442\u0438 \u0420\u043e\u043c\u0430\u043d \u0421\u0435\u0433\u0456\u043d. \u042f \u043f\u043e\u043d\u0430\u0434 7 \u0440\u043e\u043a\u0456\u0432 \u0434\u043e\u043f\u043e\u043c\u0430\u0433\u0430\u044e \u0456\u043d\u043e\u0437\u0435\u043c\u0446\u044f\u043c \u0432\u0456\u0434\u043a\u0440\u0438\u0432\u0430\u0442\u0438 \u0442\u0430 \u0432\u0435\u0441\u0442\u0438 \u0431\u0456\u0437\u043d\u0435\u0441 \u0443 \u041f\u043e\u043b\u044c\u0449\u0456. \u0406 \u043a\u0443\u0440\u0441 \u00ab\u042f\u043a \u0432\u0456\u0434\u043a\u0440\u0438\u0442\u0438 \u0442\u0430 \u0443\u0441\u043f\u0456\u0448\u043d\u043e \u0432\u0435\u0441\u0442\u0438 \u0431\u0456\u0437\u043d\u0435\u0441 \u0432 \u041f\u043e\u043b\u044c\u0449\u0456\u00bb \u0441\u0430\u043c\u0435 \u0434\u043b\u044f \u0412\u0430\u0441.<\/p>\n\n\n\n<p>\u041e\u0442\u0440\u0438\u043c\u0430\u0439\u0442\u0435\u0442\u0435 \u043c\u043e\u0436\u043b\u0438\u0432\u0456\u0441\u0442\u044c \u0434\u0456\u0437\u043d\u0430\u0442\u0438\u0441\u044c \u0412\u0421\u0406 \u0412\u0406\u0414\u041f\u041e\u0412\u0406\u0414\u0406 \u043d\u0430 150+ \u043f\u0438\u0442\u0430\u043d\u044c \u043f\u0440\u043e \u0431\u0456\u0437\u043d\u0435\u0441 \u0432 \u041f\u043e\u043b\u044c\u0449\u0456 \u0442\u0430 \u0441\u0430\u043c\u043e\u0441\u0442\u0456\u0439\u043d\u043e \u0432\u0456\u0434\u043a\u0440\u0438\u0442\u0438 \u043a\u043e\u043c\u043f\u0430\u043d\u0456\u044e.<\/p>\n\n\n\n<p><a href=\"https:\/\/segin-roman.com\/\">\u0414\u0435\u0442\u0430\u043b\u044c\u043d\u0456\u0448\u0435<\/a><\/p>\n\n\n\n<figure class=\"wp-block-image\"><a href=\"https:\/\/segin-roman.com\/\"><img decoding=\"async\" src=\"https:\/\/hello-poland.eu\/wp-content\/uploads\/2023\/12\/kursy.png\" alt=\"\u041a\u0443\u0440\u0441 \u201c\u0412\u0441\u0435 \u043f\u0440\u043e \u0431\u0456\u0437\u043d\u0435\u0441 \u0432 \u041f\u043e\u043b\u044c\u0449\u0456\u201d\"\/><\/a><\/figure>\n","protected":false},"excerpt":{"rendered":"<p>\u041f\u043e\u0441\u043b\u0443\u0433\u0430 \u0420\u0435\u0454\u0441\u0442\u0440\u0430\u0446\u0456\u044f \u0444\u0456\u0440\u043c\u0438\u0442\u0430 \u0424\u041e\u041f \u041d\u0430\u0439\u0447\u0430\u0441\u0442\u0456\u0448\u0435 \u043d\u0430\u0448\u0456 \u043a\u043b\u0456\u0454\u043d\u0442\u0438 \u0440\u0435\u0454\u0441\u0442\u0440\u0443\u044e\u0442\u044c&nbsp;Sp\u00f3\u0142ka z o.o. \u2013 \u0430\u043d\u0430\u043b\u043e\u0433 \u0443\u043a\u0440\u0430\u0457\u043d\u0441\u044c\u043a\u043e\u0433\u043e \u0422\u041e\u0412 \u0430\u0431\u043e&nbsp;JDG [&hellip;]<\/p>\n","protected":false},"author":1,"featured_media":0,"parent":0,"menu_order":1,"comment_status":"closed","ping_status":"closed","template":"","meta":{"footnotes":""},"class_list":["post-220","page","type-page","status-publish","hentry"],"_links":{"self":[{"href":"https:\/\/anvi-group.com\/index.php?rest_route=\/wp\/v2\/pages\/220","targetHints":{"allow":["GET"]}}],"collection":[{"href":"https:\/\/anvi-group.com\/index.php?rest_route=\/wp\/v2\/pages"}],"about":[{"href":"https:\/\/anvi-group.com\/index.php?rest_route=\/wp\/v2\/types\/page"}],"author":[{"embeddable":true,"href":"https:\/\/anvi-group.com\/index.php?rest_route=\/wp\/v2\/users\/1"}],"replies":[{"embeddable":true,"href":"https:\/\/anvi-group.com\/index.php?rest_route=%2Fwp%2Fv2%2Fcomments&post=220"}],"version-history":[{"count":1,"href":"https:\/\/anvi-group.com\/index.php?rest_route=\/wp\/v2\/pages\/220\/revisions"}],"predecessor-version":[{"id":221,"href":"https:\/\/anvi-group.com\/index.php?rest_route=\/wp\/v2\/pages\/220\/revisions\/221"}],"wp:attachment":[{"href":"https:\/\/anvi-group.com\/index.php?rest_route=%2Fwp%2Fv2%2Fmedia&parent=220"}],"curies":[{"name":"wp","href":"https:\/\/api.w.org\/{rel}","templated":true}]}}