{"id":215,"date":"2024-09-08T15:35:03","date_gmt":"2024-09-08T15:35:03","guid":{"rendered":"https:\/\/anvi-group.com\/?page_id=215"},"modified":"2024-09-08T15:42:31","modified_gmt":"2024-09-08T15:42:31","slug":"o-nas","status":"publish","type":"page","link":"https:\/\/anvi-group.com\/?page_id=215&lang=pl","title":{"rendered":"O nas"},"content":{"rendered":"\n<h1 class=\"wp-block-heading\">Nasza misja<\/h1>\n\n\n\n<p><strong>Nasza misja:<\/strong>&nbsp;Zapewnienie wydajnych operacji biznesowych w Europie. Tworzenie rozwi\u0105za\u0144 \u201epod klucz\u201d<\/p>\n\n\n\n<p><strong>Nasze warto\u015bci:<\/strong>&nbsp;Profesjonalizm, etyka, otwarto\u015b\u0107<\/p>\n\n\n\n<p>Jeste\u015bmy firm\u0105 konsultingow\u0105 Hello Poland. W naszej pracy kierujemy si\u0119 nie tylko do\u015bwiadczeniem i profesjonalizmem, ale tak\u017ce kreatywnym podej\u015bciem do rozwi\u0105zywania pr\u00f3\u015bb klient\u00f3w.<\/p>\n\n\n\n<p>Od ponad 7 lat pomagamy nie tylko rozpocz\u0105\u0107 dzia\u0142alno\u015b\u0107 gospodarcz\u0105 czy zalegalizowa\u0107 j\u0105 w Polsce, ale tak\u017ce otwieramy dla Pa\u0144stwa rynki europejskie i stajemy si\u0119 niezawodnym wsparciem na tej drodze.<\/p>\n\n\n\n<p>Zapewniamy wsparcie prawne i ksi\u0119gowe, bior\u0105c pod uwag\u0119 Twoje indywidualne i korporacyjne potrzeby. Nie musisz poznawa\u0107 wszystkich niuans\u00f3w polskiego ustawodawstwa i podatk\u00f3w, a nawet uczy\u0107 si\u0119 j\u0119zyka polskiego.<\/p>\n\n\n\n<p>Nasi eksperci si\u0119 tym zajm\u0105!<\/p>\n\n\n\n<p>Tw\u00f3j czas jest niezwykle cenny, dlatego mo\u017cesz skupi\u0107 si\u0119 na procesach biznesowych i rozwoju swojej firmy, podczas gdy my zadbamy o to, by wszystko by\u0142o zgodne z prawem i Twoimi oczekiwaniami.<\/p>\n\n\n\n<p><strong>Tw\u00f3j sukces<\/strong>&nbsp;jest dla nas wa\u017cny!<\/p>\n","protected":false},"excerpt":{"rendered":"<p>Nasza misja Nasza misja:&nbsp;Zapewnienie wydajnych operacji biznesowych w Europie. Tworzenie rozwi\u0105za\u0144 \u201epod klucz\u201d Nasze warto\u015bci:&nbsp;Profesjonalizm, [&hellip;]<\/p>\n","protected":false},"author":1,"featured_media":0,"parent":0,"menu_order":0,"comment_status":"closed","ping_status":"closed","template":"","meta":{"footnotes":""},"class_list":["post-215","page","type-page","status-publish","hentry"],"_links":{"self":[{"href":"https:\/\/anvi-group.com\/index.php?rest_route=\/wp\/v2\/pages\/215","targetHints":{"allow":["GET"]}}],"collection":[{"href":"https:\/\/anvi-group.com\/index.php?rest_route=\/wp\/v2\/pages"}],"about":[{"href":"https:\/\/anvi-group.com\/index.php?rest_route=\/wp\/v2\/types\/page"}],"author":[{"embeddable":true,"href":"https:\/\/anvi-group.com\/index.php?rest_route=\/wp\/v2\/users\/1"}],"replies":[{"embeddable":true,"href":"https:\/\/anvi-group.com\/index.php?rest_route=%2Fwp%2Fv2%2Fcomments&post=215"}],"version-history":[{"count":1,"href":"https:\/\/anvi-group.com\/index.php?rest_route=\/wp\/v2\/pages\/215\/revisions"}],"predecessor-version":[{"id":216,"href":"https:\/\/anvi-group.com\/index.php?rest_route=\/wp\/v2\/pages\/215\/revisions\/216"}],"wp:attachment":[{"href":"https:\/\/anvi-group.com\/index.php?rest_route=%2Fwp%2Fv2%2Fmedia&parent=215"}],"curies":[{"name":"wp","href":"https:\/\/api.w.org\/{rel}","templated":true}]}}